{"id":3563,"date":"2025-02-09T13:57:26","date_gmt":"2025-02-09T13:57:26","guid":{"rendered":"https:\/\/www.yumihoops.com\/?post_type=product&#038;p=3563"},"modified":"2025-07-01T10:21:01","modified_gmt":"2025-07-01T08:21:01","slug":"libro-tokio-sobre-tela","status":"publish","type":"product","link":"https:\/\/www.yumihoops.com\/en\/yumi-shop\/libro-tokio-sobre-tela\/","title":{"rendered":"Libro Tokio Sobre Tela"},"content":{"rendered":"<p>Este libro es un must para todos los que amamos el bordado y la cultura japonesa.<br \/>\nEn este manual, os invito a descubrir no solo las im\u00e1genes m\u00e1s ic\u00f3nicas de Tokio, sino tambi\u00e9n las t\u00e9cnicas y recursos que te ayudaran a transformar tus bordados en algo \u00fanico.<\/p>\n<p>\u2665 Un recorrido por las herramientas y materiales b\u00e1sicos que necesito para mis proyectos.<br \/>\n\u2665 Una introducci\u00f3n a las t\u00e9cnicas creativas: c\u00f3mo transferir los dise\u00f1os, preparar la tela y terminar el bordado.<br \/>\n\u2665 Desde un broche de ramen y una alcantarilla Manhoru hasta el barrio de Akihabara y las famosas vending machines, con estos 15 proyectos aprender\u00e1s a bordar Tokio en todo su esplendor.<\/p>\n<p>** Este libro viene firmado y dedicado si lo deseas (incluir en comentarios) y envuelto en la t\u00e9cnica japonesa Furoshiki.<\/p>","protected":false},"excerpt":{"rendered":"<p>Este libro es un must para todos los que amamos el bordado y la cultura japonesa.<br \/>\nEn este manual, os invito a descubrir no solo las im\u00e1genes m\u00e1s ic\u00f3nicas de Tokio, sino tambi\u00e9n las t\u00e9cnicas y recursos que te ayudaran a transformar tus bordados en algo \u00fanico.<\/p>\n<p>\u2665 Un recorrido por las herramientas y materiales b\u00e1sicos que necesito para mis proyectos.<br \/>\n\u2665 Una introducci\u00f3n a las t\u00e9cnicas creativas: c\u00f3mo transferir los dise\u00f1os, preparar la tela y terminar el bordado.<br \/>\n\u2665 Desde un broche de ramen y una alcantarilla Manhoru hasta el barrio de Akihabara y las famosas vending machines, con estos 15 proyectos aprender\u00e1s a bordar Tokio en todo su esplendor.<\/p>\n<p>** Este libro viene firmado y dedicado si lo deseas (incluir en comentarios) y envuelto en la t\u00e9cnica japonesa Furoshiki.<\/p>","protected":false},"featured_media":2589,"template":"","meta":{"_monsterinsights_skip_tracking":false,"_monsterinsights_sitenote_active":false,"_monsterinsights_sitenote_note":"","_monsterinsights_sitenote_category":0,"site-sidebar-layout":"default","site-content-layout":"","ast-site-content-layout":"default","site-content-style":"default","site-sidebar-style":"default","ast-global-header-display":"","ast-banner-title-visibility":"","ast-main-header-display":"","ast-hfb-above-header-display":"","ast-hfb-below-header-display":"","ast-hfb-mobile-header-display":"","site-post-title":"","ast-breadcrumbs-content":"","ast-featured-img":"","footer-sml-layout":"","ast-disable-related-posts":"","theme-transparent-header-meta":"default","adv-header-id-meta":"","stick-header-meta":"","header-above-stick-meta":"","header-main-stick-meta":"","header-below-stick-meta":"","astra-migrate-meta-layouts":"set","ast-page-background-enabled":"default","ast-page-background-meta":{"desktop":{"background-color":"var(--ast-global-color-4)","background-image":"","background-repeat":"repeat","background-position":"center center","background-size":"auto","background-attachment":"scroll","background-type":"","background-media":"","overlay-type":"","overlay-color":"","overlay-opacity":"","overlay-gradient":""},"tablet":{"background-color":"","background-image":"","background-repeat":"repeat","background-position":"center center","background-size":"auto","background-attachment":"scroll","background-type":"","background-media":"","overlay-type":"","overlay-color":"","overlay-opacity":"","overlay-gradient":""},"mobile":{"background-color":"","background-image":"","background-repeat":"repeat","background-position":"center center","background-size":"auto","background-attachment":"scroll","background-type":"","background-media":"","overlay-type":"","overlay-color":"","overlay-opacity":"","overlay-gradient":""}},"ast-content-background-meta":{"desktop":{"background-color":"var(--ast-global-color-5)","background-image":"","background-repeat":"repeat","background-position":"center center","background-size":"auto","background-attachment":"scroll","background-type":"","background-media":"","overlay-type":"","overlay-color":"","overlay-opacity":"","overlay-gradient":""},"tablet":{"background-color":"var(--ast-global-color-5)","background-image":"","background-repeat":"repeat","background-position":"center center","background-size":"auto","background-attachment":"scroll","background-type":"","background-media":"","overlay-type":"","overlay-color":"","overlay-opacity":"","overlay-gradient":""},"mobile":{"background-color":"var(--ast-global-color-5)","background-image":"","background-repeat":"repeat","background-position":"center center","background-size":"auto","background-attachment":"scroll","background-type":"","background-media":"","overlay-type":"","overlay-color":"","overlay-opacity":"","overlay-gradient":""}}},"product_brand":[],"product_cat":[25],"product_tag":[44,54],"class_list":{"0":"post-3563","1":"product","2":"type-product","3":"status-publish","4":"has-post-thumbnail","6":"product_cat-accesorios-de-bordado","7":"product_tag-embroidery","8":"product_tag-embroidery-journal","9":"desktop-align-left","10":"tablet-align-left","11":"mobile-align-left","13":"first","14":"instock","15":"shipping-taxable","16":"purchasable","17":"product-type-simple","18":"add-to-wishlist-after_add_to_cart"},"yoast_head":"<!-- This site is optimized with the Yoast SEO plugin v27.4 - https:\/\/yoast.com\/product\/yoast-seo-wordpress\/ -->\n<title>Libro Tokio Sobre Tela - Yumi Hoops<\/title>\n<meta name=\"description\" content=\"Compra el mi libro, Tokio Sobre Tela y disfruta bordando las cosas m\u00e1s kawaii y los storefront m\u00e1s bonitos de la ciudad m\u00e1s grande del mundo, Tokio.\" \/>\n<meta name=\"robots\" content=\"index, follow, max-snippet:-1, max-image-preview:large, max-video-preview:-1\" \/>\n<link rel=\"canonical\" href=\"https:\/\/www.yumihoops.com\/en\/yumi-shop\/libro-tokio-sobre-tela\/\" \/>\n<meta property=\"og:locale\" content=\"en_GB\" \/>\n<meta property=\"og:type\" content=\"article\" \/>\n<meta property=\"og:title\" content=\"Libro Tokio Sobre Tela - Yumi Hoops\" \/>\n<meta property=\"og:description\" content=\"Est\u00e1 dise\u00f1ado para bocetear la idea y al lado la cuadricula para apuntar la marca de hilo, cuantas hebras y la numeraci\u00f3n. Es perfecto para mantener el orden. Se regala con pedidos superiores a 50\u20ac.Compra el mi libro, Tokio Sobre Tela y disfruta bordando las cosas m\u00e1s kawaii y los storefront m\u00e1s bonitos de la ciudad m\u00e1s grande del mundo, Tokio.\" \/>\n<meta property=\"og:url\" content=\"https:\/\/www.yumihoops.com\/en\/yumi-shop\/libro-tokio-sobre-tela\/\" \/>\n<meta property=\"og:site_name\" content=\"Yumi Hoops\" \/>\n<meta property=\"article:modified_time\" content=\"2025-07-01T08:21:01+00:00\" \/>\n<meta property=\"og:image\" content=\"https:\/\/www.yumihoops.com\/wp-content\/uploads\/2024\/09\/Tokio-sobre-tela-WEB-2-e1733434550628.png\" \/>\n\t<meta property=\"og:image:width\" content=\"569\" \/>\n\t<meta property=\"og:image:height\" content=\"650\" \/>\n\t<meta property=\"og:image:type\" content=\"image\/png\" \/>\n<meta name=\"twitter:card\" content=\"summary_large_image\" \/>\n<meta name=\"twitter:title\" content=\"Libro Tokio Sobre Tela - Yumi Hoops\" \/>\n<meta name=\"twitter:description\" content=\"Est\u00e1 dise\u00f1ado para bocetear la idea y al lado la cuadricula para apuntar la marca de hilo, cuantas hebras y la numeraci\u00f3n. Es perfecto para mantener el orden. Se regala con pedidos superiores a 50\u20ac.Compra el mi libro, Tokio Sobre Tela y disfruta bordando las cosas m\u00e1s kawaii y los storefront m\u00e1s bonitos de la ciudad m\u00e1s grande del mundo, Tokio.\" \/>\n<meta name=\"twitter:image\" content=\"https:\/\/www.yumihoops.com\/wp-content\/uploads\/2024\/09\/Tokio-sobre-tela-WEB-2-e1733434550628.png\" \/>\n<meta name=\"twitter:label1\" content=\"Estimated reading time\" \/>\n\t<meta name=\"twitter:data1\" content=\"1 minute\" \/>\n<script type=\"application\/ld+json\" class=\"yoast-schema-graph\">{\"@context\":\"https:\\\/\\\/schema.org\",\"@graph\":[{\"@type\":\"WebPage\",\"@id\":\"https:\\\/\\\/www.yumihoops.com\\\/yumi-shop\\\/libro-tokio-sobre-tela\\\/\",\"url\":\"https:\\\/\\\/www.yumihoops.com\\\/yumi-shop\\\/libro-tokio-sobre-tela\\\/\",\"name\":\"Libro Tokio Sobre Tela - Yumi Hoops\",\"isPartOf\":{\"@id\":\"https:\\\/\\\/www.yumihoops.com\\\/#website\"},\"primaryImageOfPage\":{\"@id\":\"https:\\\/\\\/www.yumihoops.com\\\/yumi-shop\\\/libro-tokio-sobre-tela\\\/#primaryimage\"},\"image\":{\"@id\":\"https:\\\/\\\/www.yumihoops.com\\\/yumi-shop\\\/libro-tokio-sobre-tela\\\/#primaryimage\"},\"thumbnailUrl\":\"https:\\\/\\\/www.yumihoops.com\\\/wp-content\\\/uploads\\\/2024\\\/09\\\/Tokio-sobre-tela-WEB-2-e1733434550628.png\",\"datePublished\":\"2025-02-09T13:57:26+00:00\",\"dateModified\":\"2025-07-01T08:21:01+00:00\",\"description\":\"Compra el mi libro, Tokio Sobre Tela y disfruta bordando las cosas m\u00e1s kawaii y los storefront m\u00e1s bonitos de la ciudad m\u00e1s grande del mundo, Tokio.\",\"breadcrumb\":{\"@id\":\"https:\\\/\\\/www.yumihoops.com\\\/yumi-shop\\\/libro-tokio-sobre-tela\\\/#breadcrumb\"},\"inLanguage\":\"en-GB\",\"potentialAction\":[{\"@type\":\"ReadAction\",\"target\":[\"https:\\\/\\\/www.yumihoops.com\\\/yumi-shop\\\/libro-tokio-sobre-tela\\\/\"]}]},{\"@type\":\"ImageObject\",\"inLanguage\":\"en-GB\",\"@id\":\"https:\\\/\\\/www.yumihoops.com\\\/yumi-shop\\\/libro-tokio-sobre-tela\\\/#primaryimage\",\"url\":\"https:\\\/\\\/www.yumihoops.com\\\/wp-content\\\/uploads\\\/2024\\\/09\\\/Tokio-sobre-tela-WEB-2-e1733434550628.png\",\"contentUrl\":\"https:\\\/\\\/www.yumihoops.com\\\/wp-content\\\/uploads\\\/2024\\\/09\\\/Tokio-sobre-tela-WEB-2-e1733434550628.png\",\"width\":569,\"height\":650},{\"@type\":\"BreadcrumbList\",\"@id\":\"https:\\\/\\\/www.yumihoops.com\\\/yumi-shop\\\/libro-tokio-sobre-tela\\\/#breadcrumb\",\"itemListElement\":[{\"@type\":\"ListItem\",\"position\":1,\"name\":\"Portada\",\"item\":\"https:\\\/\\\/www.yumihoops.com\\\/\"},{\"@type\":\"ListItem\",\"position\":2,\"name\":\"Productos\",\"item\":\"https:\\\/\\\/www.yumihoops.com\\\/index.php\\\/shop\\\/\"},{\"@type\":\"ListItem\",\"position\":3,\"name\":\"Libro Tokio Sobre Tela\"}]},{\"@type\":\"WebSite\",\"@id\":\"https:\\\/\\\/www.yumihoops.com\\\/#website\",\"url\":\"https:\\\/\\\/www.yumihoops.com\\\/\",\"name\":\"Yumi Hoops\",\"description\":\"Bordados, libros, kits...\",\"publisher\":{\"@id\":\"https:\\\/\\\/www.yumihoops.com\\\/#organization\"},\"potentialAction\":[{\"@type\":\"SearchAction\",\"target\":{\"@type\":\"EntryPoint\",\"urlTemplate\":\"https:\\\/\\\/www.yumihoops.com\\\/?s={search_term_string}\"},\"query-input\":{\"@type\":\"PropertyValueSpecification\",\"valueRequired\":true,\"valueName\":\"search_term_string\"}}],\"inLanguage\":\"en-GB\"},{\"@type\":\"Organization\",\"@id\":\"https:\\\/\\\/www.yumihoops.com\\\/#organization\",\"name\":\"Yumi Hoops\",\"url\":\"https:\\\/\\\/www.yumihoops.com\\\/\",\"logo\":{\"@type\":\"ImageObject\",\"inLanguage\":\"en-GB\",\"@id\":\"https:\\\/\\\/www.yumihoops.com\\\/#\\\/schema\\\/logo\\\/image\\\/\",\"url\":\"https:\\\/\\\/www.yumihoops.com\\\/wp-content\\\/uploads\\\/2024\\\/05\\\/Logo-Yumi-Hoops-Rosa-y-Lila-e1716821195280.png\",\"contentUrl\":\"https:\\\/\\\/www.yumihoops.com\\\/wp-content\\\/uploads\\\/2024\\\/05\\\/Logo-Yumi-Hoops-Rosa-y-Lila-e1716821195280.png\",\"width\":600,\"height\":394,\"caption\":\"Yumi Hoops\"},\"image\":{\"@id\":\"https:\\\/\\\/www.yumihoops.com\\\/#\\\/schema\\\/logo\\\/image\\\/\"},\"sameAs\":[\"https:\\\/\\\/www.instagram.com\\\/yumi_hoops\\\/\"]}]}<\/script>\n<!-- \/ Yoast SEO plugin. -->","yoast_head_json":{"title":"Libro Tokio Sobre Tela - Yumi Hoops","description":"Compra el mi libro, Tokio Sobre Tela y disfruta bordando las cosas m\u00e1s kawaii y los storefront m\u00e1s bonitos de la ciudad m\u00e1s grande del mundo, Tokio.","robots":{"index":"index","follow":"follow","max-snippet":"max-snippet:-1","max-image-preview":"max-image-preview:large","max-video-preview":"max-video-preview:-1"},"canonical":"https:\/\/www.yumihoops.com\/en\/yumi-shop\/libro-tokio-sobre-tela\/","og_locale":"en_GB","og_type":"article","og_title":"Libro Tokio Sobre Tela - Yumi Hoops","og_description":"Est\u00e1 dise\u00f1ado para bocetear la idea y al lado la cuadricula para apuntar la marca de hilo, cuantas hebras y la numeraci\u00f3n. Es perfecto para mantener el orden. Se regala con pedidos superiores a 50\u20ac.Compra el mi libro, Tokio Sobre Tela y disfruta bordando las cosas m\u00e1s kawaii y los storefront m\u00e1s bonitos de la ciudad m\u00e1s grande del mundo, Tokio.","og_url":"https:\/\/www.yumihoops.com\/en\/yumi-shop\/libro-tokio-sobre-tela\/","og_site_name":"Yumi Hoops","article_modified_time":"2025-07-01T08:21:01+00:00","og_image":[{"width":569,"height":650,"url":"https:\/\/www.yumihoops.com\/wp-content\/uploads\/2024\/09\/Tokio-sobre-tela-WEB-2-e1733434550628.png","type":"image\/png"}],"twitter_card":"summary_large_image","twitter_title":"Libro Tokio Sobre Tela - Yumi Hoops","twitter_description":"Est\u00e1 dise\u00f1ado para bocetear la idea y al lado la cuadricula para apuntar la marca de hilo, cuantas hebras y la numeraci\u00f3n. Es perfecto para mantener el orden. Se regala con pedidos superiores a 50\u20ac.Compra el mi libro, Tokio Sobre Tela y disfruta bordando las cosas m\u00e1s kawaii y los storefront m\u00e1s bonitos de la ciudad m\u00e1s grande del mundo, Tokio.","twitter_image":"https:\/\/www.yumihoops.com\/wp-content\/uploads\/2024\/09\/Tokio-sobre-tela-WEB-2-e1733434550628.png","twitter_misc":{"Estimated reading time":"1 minute"},"schema":{"@context":"https:\/\/schema.org","@graph":[{"@type":"WebPage","@id":"https:\/\/www.yumihoops.com\/yumi-shop\/libro-tokio-sobre-tela\/","url":"https:\/\/www.yumihoops.com\/yumi-shop\/libro-tokio-sobre-tela\/","name":"Libro Tokio Sobre Tela - Yumi Hoops","isPartOf":{"@id":"https:\/\/www.yumihoops.com\/#website"},"primaryImageOfPage":{"@id":"https:\/\/www.yumihoops.com\/yumi-shop\/libro-tokio-sobre-tela\/#primaryimage"},"image":{"@id":"https:\/\/www.yumihoops.com\/yumi-shop\/libro-tokio-sobre-tela\/#primaryimage"},"thumbnailUrl":"https:\/\/www.yumihoops.com\/wp-content\/uploads\/2024\/09\/Tokio-sobre-tela-WEB-2-e1733434550628.png","datePublished":"2025-02-09T13:57:26+00:00","dateModified":"2025-07-01T08:21:01+00:00","description":"Compra el mi libro, Tokio Sobre Tela y disfruta bordando las cosas m\u00e1s kawaii y los storefront m\u00e1s bonitos de la ciudad m\u00e1s grande del mundo, Tokio.","breadcrumb":{"@id":"https:\/\/www.yumihoops.com\/yumi-shop\/libro-tokio-sobre-tela\/#breadcrumb"},"inLanguage":"en-GB","potentialAction":[{"@type":"ReadAction","target":["https:\/\/www.yumihoops.com\/yumi-shop\/libro-tokio-sobre-tela\/"]}]},{"@type":"ImageObject","inLanguage":"en-GB","@id":"https:\/\/www.yumihoops.com\/yumi-shop\/libro-tokio-sobre-tela\/#primaryimage","url":"https:\/\/www.yumihoops.com\/wp-content\/uploads\/2024\/09\/Tokio-sobre-tela-WEB-2-e1733434550628.png","contentUrl":"https:\/\/www.yumihoops.com\/wp-content\/uploads\/2024\/09\/Tokio-sobre-tela-WEB-2-e1733434550628.png","width":569,"height":650},{"@type":"BreadcrumbList","@id":"https:\/\/www.yumihoops.com\/yumi-shop\/libro-tokio-sobre-tela\/#breadcrumb","itemListElement":[{"@type":"ListItem","position":1,"name":"Portada","item":"https:\/\/www.yumihoops.com\/"},{"@type":"ListItem","position":2,"name":"Productos","item":"https:\/\/www.yumihoops.com\/index.php\/shop\/"},{"@type":"ListItem","position":3,"name":"Libro Tokio Sobre Tela"}]},{"@type":"WebSite","@id":"https:\/\/www.yumihoops.com\/#website","url":"https:\/\/www.yumihoops.com\/","name":"Yumi Hoops","description":"Bordados, libros, kits...","publisher":{"@id":"https:\/\/www.yumihoops.com\/#organization"},"potentialAction":[{"@type":"SearchAction","target":{"@type":"EntryPoint","urlTemplate":"https:\/\/www.yumihoops.com\/?s={search_term_string}"},"query-input":{"@type":"PropertyValueSpecification","valueRequired":true,"valueName":"search_term_string"}}],"inLanguage":"en-GB"},{"@type":"Organization","@id":"https:\/\/www.yumihoops.com\/#organization","name":"Yumi Hoops","url":"https:\/\/www.yumihoops.com\/","logo":{"@type":"ImageObject","inLanguage":"en-GB","@id":"https:\/\/www.yumihoops.com\/#\/schema\/logo\/image\/","url":"https:\/\/www.yumihoops.com\/wp-content\/uploads\/2024\/05\/Logo-Yumi-Hoops-Rosa-y-Lila-e1716821195280.png","contentUrl":"https:\/\/www.yumihoops.com\/wp-content\/uploads\/2024\/05\/Logo-Yumi-Hoops-Rosa-y-Lila-e1716821195280.png","width":600,"height":394,"caption":"Yumi Hoops"},"image":{"@id":"https:\/\/www.yumihoops.com\/#\/schema\/logo\/image\/"},"sameAs":["https:\/\/www.instagram.com\/yumi_hoops\/"]}]}},"_links":{"self":[{"href":"https:\/\/www.yumihoops.com\/en\/wp-json\/wp\/v2\/product\/3563","targetHints":{"allow":["GET"]}}],"collection":[{"href":"https:\/\/www.yumihoops.com\/en\/wp-json\/wp\/v2\/product"}],"about":[{"href":"https:\/\/www.yumihoops.com\/en\/wp-json\/wp\/v2\/types\/product"}],"wp:featuredmedia":[{"embeddable":true,"href":"https:\/\/www.yumihoops.com\/en\/wp-json\/wp\/v2\/media\/2589"}],"wp:attachment":[{"href":"https:\/\/www.yumihoops.com\/en\/wp-json\/wp\/v2\/media?parent=3563"}],"wp:term":[{"taxonomy":"product_brand","embeddable":true,"href":"https:\/\/www.yumihoops.com\/en\/wp-json\/wp\/v2\/product_brand?post=3563"},{"taxonomy":"product_cat","embeddable":true,"href":"https:\/\/www.yumihoops.com\/en\/wp-json\/wp\/v2\/product_cat?post=3563"},{"taxonomy":"product_tag","embeddable":true,"href":"https:\/\/www.yumihoops.com\/en\/wp-json\/wp\/v2\/product_tag?post=3563"}],"curies":[{"name":"wp","href":"https:\/\/api.w.org\/{rel}","templated":true}]}}