{"id":3082,"date":"2024-09-27T23:14:24","date_gmt":"2024-09-27T23:14:24","guid":{"rendered":"https:\/\/www.yumihoops.com\/?post_type=product&#038;p=3082"},"modified":"2025-06-22T12:41:46","modified_gmt":"2025-06-22T10:41:46","slug":"toku-chan-darumas","status":"publish","type":"product","link":"https:\/\/www.yumihoops.com\/en\/yumi-shop\/toku-chan-darumas\/","title":{"rendered":"Toku-chan Darumas"},"content":{"rendered":"<p>Walking through the Okachimachi neighborhood, I fell in love with the storefront of this restaurant because it had two giant darumas greeting you at the top of the entrance!<\/p>\n<p>The restaurant is called Toku-chan @tokuchan_okachimachi and they prepared delicious food!\u00a0<a class=\"x1i10hfl xjbqb8w x1ejq31n xd10rxx x1sy0etr x17r0tee x972fbf xcfux6l x1qhh985 xm0m39n x9f619 x1ypdohk xt0psk2 xe8uvvx xdj266r x11i5rnm xat24cr x1mh8g0r xexx8yu x4uap5 x18d9i69 xkhd6sd x16tdsg8 x1hl2dhg xggy1nq x1a2a7pz notranslate _a6hd\" tabindex=\"0\" role=\"link\" href=\"https:\/\/www.instagram.com\/tokuchan_okachimachi\/\">@tokuchan_okachimachi<\/a>\u00a0y preparaban unas comida deliciosa!<\/p>\n<p>And like all of Japan, the place had a lot of charm, very friendly and kind waiters.<\/p>\n<p>It is an embroidery with different volumes and textures, where I have used different embroidery techniques.<\/p>\n<p>Shipped by registered courier with shipping tracking.<\/p>\n<p>*Unique Piece*<\/p>\n<p>Size: 37cm<\/p>","protected":false},"excerpt":{"rendered":"<p>Walking through the Okachimachi neighborhood, I fell in love with the storefront of this restaurant because it had two giant darumas greeting you at the top of the entrance!<\/p>\n<p>The restaurant is called Toku-chan @tokuchan_okachimachi and they prepared delicious food!\u00a0<a class=\"x1i10hfl xjbqb8w x1ejq31n xd10rxx x1sy0etr x17r0tee x972fbf xcfux6l x1qhh985 xm0m39n x9f619 x1ypdohk xt0psk2 xe8uvvx xdj266r x11i5rnm xat24cr x1mh8g0r xexx8yu x4uap5 x18d9i69 xkhd6sd x16tdsg8 x1hl2dhg xggy1nq x1a2a7pz notranslate _a6hd\" tabindex=\"0\" role=\"link\" href=\"https:\/\/www.instagram.com\/tokuchan_okachimachi\/\">@tokuchan_okachimachi<\/a>\u00a0y preparaban unas comida deliciosa!<\/p>\n<p>And like all of Japan, the place had a lot of charm, very friendly and kind waiters.<\/p>\n<p>It is an embroidery with different volumes and textures, where I have used different embroidery techniques.<\/p>\n<p>Shipped by registered courier with shipping tracking.<\/p>\n<p>*Unique Piece*<\/p>\n<p>Size: 37cm<\/p>","protected":false},"featured_media":3116,"template":"","meta":{"_monsterinsights_skip_tracking":false,"_monsterinsights_sitenote_active":false,"_monsterinsights_sitenote_note":"","_monsterinsights_sitenote_category":0,"site-sidebar-layout":"default","site-content-layout":"","ast-site-content-layout":"default","site-content-style":"default","site-sidebar-style":"default","ast-global-header-display":"","ast-banner-title-visibility":"","ast-main-header-display":"","ast-hfb-above-header-display":"","ast-hfb-below-header-display":"","ast-hfb-mobile-header-display":"","site-post-title":"","ast-breadcrumbs-content":"","ast-featured-img":"","footer-sml-layout":"","ast-disable-related-posts":"","theme-transparent-header-meta":"default","adv-header-id-meta":"","stick-header-meta":"","header-above-stick-meta":"","header-main-stick-meta":"","header-below-stick-meta":"","astra-migrate-meta-layouts":"set","ast-page-background-enabled":"default","ast-page-background-meta":{"desktop":{"background-color":"var(--ast-global-color-4)","background-image":"","background-repeat":"repeat","background-position":"center center","background-size":"auto","background-attachment":"scroll","background-type":"","background-media":"","overlay-type":"","overlay-color":"","overlay-opacity":"","overlay-gradient":""},"tablet":{"background-color":"","background-image":"","background-repeat":"repeat","background-position":"center center","background-size":"auto","background-attachment":"scroll","background-type":"","background-media":"","overlay-type":"","overlay-color":"","overlay-opacity":"","overlay-gradient":""},"mobile":{"background-color":"","background-image":"","background-repeat":"repeat","background-position":"center center","background-size":"auto","background-attachment":"scroll","background-type":"","background-media":"","overlay-type":"","overlay-color":"","overlay-opacity":"","overlay-gradient":""}},"ast-content-background-meta":{"desktop":{"background-color":"var(--ast-global-color-5)","background-image":"","background-repeat":"repeat","background-position":"center center","background-size":"auto","background-attachment":"scroll","background-type":"","background-media":"","overlay-type":"","overlay-color":"","overlay-opacity":"","overlay-gradient":""},"tablet":{"background-color":"var(--ast-global-color-5)","background-image":"","background-repeat":"repeat","background-position":"center center","background-size":"auto","background-attachment":"scroll","background-type":"","background-media":"","overlay-type":"","overlay-color":"","overlay-opacity":"","overlay-gradient":""},"mobile":{"background-color":"var(--ast-global-color-5)","background-image":"","background-repeat":"repeat","background-position":"center center","background-size":"auto","background-attachment":"scroll","background-type":"","background-media":"","overlay-type":"","overlay-color":"","overlay-opacity":"","overlay-gradient":""}}},"product_brand":[],"product_cat":[63],"product_tag":[27,34,81,62,30,29,96,82,80],"class_list":{"0":"post-3082","1":"product","2":"type-product","3":"status-publish","4":"has-post-thumbnail","6":"product_cat-bordados","7":"product_tag-bordado","8":"product_tag-daruma","9":"product_tag-darumas","10":"product_tag-fotografia","11":"product_tag-japan","12":"product_tag-japon","13":"product_tag-okachimachi","14":"product_tag-toku","15":"product_tag-toku-chan-darumas","16":"product_shipping_class-envio-bordados","17":"desktop-align-left","18":"tablet-align-left","19":"mobile-align-left","21":"first","22":"instock","23":"purchasable","24":"product-type-simple","25":"add-to-wishlist-after_add_to_cart"},"yoast_head":"<!-- This site is optimized with the Yoast SEO plugin v27.4 - https:\/\/yoast.com\/product\/yoast-seo-wordpress\/ -->\n<title>Toku-chan Darumas - Yumi Hoops<\/title>\n<meta name=\"description\" content=\"Paseando por Okachimachi te puedes encontrar con este restaurante incre\u00edble, Toku-chan Darumas. Es un bordado con diferentes vol\u00famenes, texturas y t\u00e9cnicas.\" \/>\n<meta name=\"robots\" content=\"index, follow, max-snippet:-1, max-image-preview:large, max-video-preview:-1\" \/>\n<link rel=\"canonical\" href=\"https:\/\/www.yumihoops.com\/en\/yumi-shop\/toku-chan-darumas\/\" \/>\n<meta property=\"og:locale\" content=\"en_GB\" \/>\n<meta property=\"og:type\" content=\"article\" \/>\n<meta property=\"og:title\" content=\"Bordado TOKU-CHAN DARUMAS - Yumi Hoops\" \/>\n<meta property=\"og:description\" content=\"Paseando por Okachimachi te puedes encontrar con este restaurante incre\u00edble, Toku-chan Darumas. Es un bordado con diferentes vol\u00famenes, texturas y t\u00e9cnicas.\" \/>\n<meta property=\"og:url\" content=\"https:\/\/www.yumihoops.com\/en\/yumi-shop\/toku-chan-darumas\/\" \/>\n<meta property=\"og:site_name\" content=\"Yumi Hoops\" \/>\n<meta property=\"article:modified_time\" content=\"2025-06-22T10:41:46+00:00\" \/>\n<meta property=\"og:image\" content=\"https:\/\/www.yumihoops.com\/wp-content\/uploads\/2024\/09\/Toku-chan-Darumas.jpg\" \/>\n\t<meta property=\"og:image:width\" content=\"600\" \/>\n\t<meta property=\"og:image:height\" content=\"600\" \/>\n\t<meta property=\"og:image:type\" content=\"image\/jpeg\" \/>\n<meta name=\"twitter:card\" content=\"summary_large_image\" \/>\n<meta name=\"twitter:title\" content=\"Bordado TOKU-CHAN DARUMAS - Yumi Hoops\" \/>\n<meta name=\"twitter:description\" content=\"Paseando por Okachimachi te puedes encontrar con este restaurante incre\u00edble, Toku-chan Darumas. Es un bordado con diferentes vol\u00famenes, texturas y t\u00e9cnicas.\" \/>\n<meta name=\"twitter:image\" content=\"https:\/\/www.yumihoops.com\/wp-content\/uploads\/2024\/09\/Toku-chan-Darumas.jpg\" \/>\n<meta name=\"twitter:label1\" content=\"Estimated reading time\" \/>\n\t<meta name=\"twitter:data1\" content=\"1 minute\" \/>\n<script type=\"application\/ld+json\" class=\"yoast-schema-graph\">{\"@context\":\"https:\\\/\\\/schema.org\",\"@graph\":[{\"@type\":\"WebPage\",\"@id\":\"https:\\\/\\\/www.yumihoops.com\\\/yumi-shop\\\/toku-chan-darumas\\\/\",\"url\":\"https:\\\/\\\/www.yumihoops.com\\\/yumi-shop\\\/toku-chan-darumas\\\/\",\"name\":\"Toku-chan Darumas - Yumi Hoops\",\"isPartOf\":{\"@id\":\"https:\\\/\\\/www.yumihoops.com\\\/#website\"},\"primaryImageOfPage\":{\"@id\":\"https:\\\/\\\/www.yumihoops.com\\\/yumi-shop\\\/toku-chan-darumas\\\/#primaryimage\"},\"image\":{\"@id\":\"https:\\\/\\\/www.yumihoops.com\\\/yumi-shop\\\/toku-chan-darumas\\\/#primaryimage\"},\"thumbnailUrl\":\"https:\\\/\\\/www.yumihoops.com\\\/wp-content\\\/uploads\\\/2024\\\/09\\\/Toku-chan-Darumas.jpg\",\"datePublished\":\"2024-09-27T23:14:24+00:00\",\"dateModified\":\"2025-06-22T10:41:46+00:00\",\"description\":\"Paseando por Okachimachi te puedes encontrar con este restaurante incre\u00edble, Toku-chan Darumas. Es un bordado con diferentes vol\u00famenes, texturas y t\u00e9cnicas.\",\"breadcrumb\":{\"@id\":\"https:\\\/\\\/www.yumihoops.com\\\/yumi-shop\\\/toku-chan-darumas\\\/#breadcrumb\"},\"inLanguage\":\"en-GB\",\"potentialAction\":[{\"@type\":\"ReadAction\",\"target\":[\"https:\\\/\\\/www.yumihoops.com\\\/yumi-shop\\\/toku-chan-darumas\\\/\"]}]},{\"@type\":\"ImageObject\",\"inLanguage\":\"en-GB\",\"@id\":\"https:\\\/\\\/www.yumihoops.com\\\/yumi-shop\\\/toku-chan-darumas\\\/#primaryimage\",\"url\":\"https:\\\/\\\/www.yumihoops.com\\\/wp-content\\\/uploads\\\/2024\\\/09\\\/Toku-chan-Darumas.jpg\",\"contentUrl\":\"https:\\\/\\\/www.yumihoops.com\\\/wp-content\\\/uploads\\\/2024\\\/09\\\/Toku-chan-Darumas.jpg\",\"width\":600,\"height\":600},{\"@type\":\"BreadcrumbList\",\"@id\":\"https:\\\/\\\/www.yumihoops.com\\\/yumi-shop\\\/toku-chan-darumas\\\/#breadcrumb\",\"itemListElement\":[{\"@type\":\"ListItem\",\"position\":1,\"name\":\"Portada\",\"item\":\"https:\\\/\\\/www.yumihoops.com\\\/\"},{\"@type\":\"ListItem\",\"position\":2,\"name\":\"Productos\",\"item\":\"https:\\\/\\\/www.yumihoops.com\\\/index.php\\\/shop\\\/\"},{\"@type\":\"ListItem\",\"position\":3,\"name\":\"Toku-chan Darumas\"}]},{\"@type\":\"WebSite\",\"@id\":\"https:\\\/\\\/www.yumihoops.com\\\/#website\",\"url\":\"https:\\\/\\\/www.yumihoops.com\\\/\",\"name\":\"Yumi Hoops\",\"description\":\"Bordados, libros, kits...\",\"publisher\":{\"@id\":\"https:\\\/\\\/www.yumihoops.com\\\/#organization\"},\"potentialAction\":[{\"@type\":\"SearchAction\",\"target\":{\"@type\":\"EntryPoint\",\"urlTemplate\":\"https:\\\/\\\/www.yumihoops.com\\\/?s={search_term_string}\"},\"query-input\":{\"@type\":\"PropertyValueSpecification\",\"valueRequired\":true,\"valueName\":\"search_term_string\"}}],\"inLanguage\":\"en-GB\"},{\"@type\":\"Organization\",\"@id\":\"https:\\\/\\\/www.yumihoops.com\\\/#organization\",\"name\":\"Yumi Hoops\",\"url\":\"https:\\\/\\\/www.yumihoops.com\\\/\",\"logo\":{\"@type\":\"ImageObject\",\"inLanguage\":\"en-GB\",\"@id\":\"https:\\\/\\\/www.yumihoops.com\\\/#\\\/schema\\\/logo\\\/image\\\/\",\"url\":\"https:\\\/\\\/www.yumihoops.com\\\/wp-content\\\/uploads\\\/2024\\\/05\\\/Logo-Yumi-Hoops-Rosa-y-Lila-e1716821195280.png\",\"contentUrl\":\"https:\\\/\\\/www.yumihoops.com\\\/wp-content\\\/uploads\\\/2024\\\/05\\\/Logo-Yumi-Hoops-Rosa-y-Lila-e1716821195280.png\",\"width\":600,\"height\":394,\"caption\":\"Yumi Hoops\"},\"image\":{\"@id\":\"https:\\\/\\\/www.yumihoops.com\\\/#\\\/schema\\\/logo\\\/image\\\/\"},\"sameAs\":[\"https:\\\/\\\/www.instagram.com\\\/yumi_hoops\\\/\"]}]}<\/script>\n<!-- \/ Yoast SEO plugin. -->","yoast_head_json":{"title":"Toku-chan Darumas - Yumi Hoops","description":"Paseando por Okachimachi te puedes encontrar con este restaurante incre\u00edble, Toku-chan Darumas. Es un bordado con diferentes vol\u00famenes, texturas y t\u00e9cnicas.","robots":{"index":"index","follow":"follow","max-snippet":"max-snippet:-1","max-image-preview":"max-image-preview:large","max-video-preview":"max-video-preview:-1"},"canonical":"https:\/\/www.yumihoops.com\/en\/yumi-shop\/toku-chan-darumas\/","og_locale":"en_GB","og_type":"article","og_title":"Bordado TOKU-CHAN DARUMAS - Yumi Hoops","og_description":"Paseando por Okachimachi te puedes encontrar con este restaurante incre\u00edble, Toku-chan Darumas. Es un bordado con diferentes vol\u00famenes, texturas y t\u00e9cnicas.","og_url":"https:\/\/www.yumihoops.com\/en\/yumi-shop\/toku-chan-darumas\/","og_site_name":"Yumi Hoops","article_modified_time":"2025-06-22T10:41:46+00:00","og_image":[{"width":600,"height":600,"url":"https:\/\/www.yumihoops.com\/wp-content\/uploads\/2024\/09\/Toku-chan-Darumas.jpg","type":"image\/jpeg"}],"twitter_card":"summary_large_image","twitter_title":"Bordado TOKU-CHAN DARUMAS - Yumi Hoops","twitter_description":"Paseando por Okachimachi te puedes encontrar con este restaurante incre\u00edble, Toku-chan Darumas. Es un bordado con diferentes vol\u00famenes, texturas y t\u00e9cnicas.","twitter_image":"https:\/\/www.yumihoops.com\/wp-content\/uploads\/2024\/09\/Toku-chan-Darumas.jpg","twitter_misc":{"Estimated reading time":"1 minute"},"schema":{"@context":"https:\/\/schema.org","@graph":[{"@type":"WebPage","@id":"https:\/\/www.yumihoops.com\/yumi-shop\/toku-chan-darumas\/","url":"https:\/\/www.yumihoops.com\/yumi-shop\/toku-chan-darumas\/","name":"Toku-chan Darumas - Yumi Hoops","isPartOf":{"@id":"https:\/\/www.yumihoops.com\/#website"},"primaryImageOfPage":{"@id":"https:\/\/www.yumihoops.com\/yumi-shop\/toku-chan-darumas\/#primaryimage"},"image":{"@id":"https:\/\/www.yumihoops.com\/yumi-shop\/toku-chan-darumas\/#primaryimage"},"thumbnailUrl":"https:\/\/www.yumihoops.com\/wp-content\/uploads\/2024\/09\/Toku-chan-Darumas.jpg","datePublished":"2024-09-27T23:14:24+00:00","dateModified":"2025-06-22T10:41:46+00:00","description":"Paseando por Okachimachi te puedes encontrar con este restaurante incre\u00edble, Toku-chan Darumas. Es un bordado con diferentes vol\u00famenes, texturas y t\u00e9cnicas.","breadcrumb":{"@id":"https:\/\/www.yumihoops.com\/yumi-shop\/toku-chan-darumas\/#breadcrumb"},"inLanguage":"en-GB","potentialAction":[{"@type":"ReadAction","target":["https:\/\/www.yumihoops.com\/yumi-shop\/toku-chan-darumas\/"]}]},{"@type":"ImageObject","inLanguage":"en-GB","@id":"https:\/\/www.yumihoops.com\/yumi-shop\/toku-chan-darumas\/#primaryimage","url":"https:\/\/www.yumihoops.com\/wp-content\/uploads\/2024\/09\/Toku-chan-Darumas.jpg","contentUrl":"https:\/\/www.yumihoops.com\/wp-content\/uploads\/2024\/09\/Toku-chan-Darumas.jpg","width":600,"height":600},{"@type":"BreadcrumbList","@id":"https:\/\/www.yumihoops.com\/yumi-shop\/toku-chan-darumas\/#breadcrumb","itemListElement":[{"@type":"ListItem","position":1,"name":"Portada","item":"https:\/\/www.yumihoops.com\/"},{"@type":"ListItem","position":2,"name":"Productos","item":"https:\/\/www.yumihoops.com\/index.php\/shop\/"},{"@type":"ListItem","position":3,"name":"Toku-chan Darumas"}]},{"@type":"WebSite","@id":"https:\/\/www.yumihoops.com\/#website","url":"https:\/\/www.yumihoops.com\/","name":"Yumi Hoops","description":"Bordados, libros, kits...","publisher":{"@id":"https:\/\/www.yumihoops.com\/#organization"},"potentialAction":[{"@type":"SearchAction","target":{"@type":"EntryPoint","urlTemplate":"https:\/\/www.yumihoops.com\/?s={search_term_string}"},"query-input":{"@type":"PropertyValueSpecification","valueRequired":true,"valueName":"search_term_string"}}],"inLanguage":"en-GB"},{"@type":"Organization","@id":"https:\/\/www.yumihoops.com\/#organization","name":"Yumi Hoops","url":"https:\/\/www.yumihoops.com\/","logo":{"@type":"ImageObject","inLanguage":"en-GB","@id":"https:\/\/www.yumihoops.com\/#\/schema\/logo\/image\/","url":"https:\/\/www.yumihoops.com\/wp-content\/uploads\/2024\/05\/Logo-Yumi-Hoops-Rosa-y-Lila-e1716821195280.png","contentUrl":"https:\/\/www.yumihoops.com\/wp-content\/uploads\/2024\/05\/Logo-Yumi-Hoops-Rosa-y-Lila-e1716821195280.png","width":600,"height":394,"caption":"Yumi Hoops"},"image":{"@id":"https:\/\/www.yumihoops.com\/#\/schema\/logo\/image\/"},"sameAs":["https:\/\/www.instagram.com\/yumi_hoops\/"]}]}},"_links":{"self":[{"href":"https:\/\/www.yumihoops.com\/en\/wp-json\/wp\/v2\/product\/3082","targetHints":{"allow":["GET"]}}],"collection":[{"href":"https:\/\/www.yumihoops.com\/en\/wp-json\/wp\/v2\/product"}],"about":[{"href":"https:\/\/www.yumihoops.com\/en\/wp-json\/wp\/v2\/types\/product"}],"wp:featuredmedia":[{"embeddable":true,"href":"https:\/\/www.yumihoops.com\/en\/wp-json\/wp\/v2\/media\/3116"}],"wp:attachment":[{"href":"https:\/\/www.yumihoops.com\/en\/wp-json\/wp\/v2\/media?parent=3082"}],"wp:term":[{"taxonomy":"product_brand","embeddable":true,"href":"https:\/\/www.yumihoops.com\/en\/wp-json\/wp\/v2\/product_brand?post=3082"},{"taxonomy":"product_cat","embeddable":true,"href":"https:\/\/www.yumihoops.com\/en\/wp-json\/wp\/v2\/product_cat?post=3082"},{"taxonomy":"product_tag","embeddable":true,"href":"https:\/\/www.yumihoops.com\/en\/wp-json\/wp\/v2\/product_tag?post=3082"}],"curies":[{"name":"wp","href":"https:\/\/api.w.org\/{rel}","templated":true}]}}