{"id":3080,"date":"2024-09-27T23:08:42","date_gmt":"2024-09-27T23:08:42","guid":{"rendered":"https:\/\/www.yumihoops.com\/?post_type=product&#038;p=3080"},"modified":"2025-06-22T12:43:18","modified_gmt":"2025-06-22T10:43:18","slug":"akihabara","status":"publish","type":"product","link":"https:\/\/www.yumihoops.com\/en\/yumi-shop\/akihabara\/","title":{"rendered":"Akihabara"},"content":{"rendered":"<p>Akihabara is one of the busiest districts. The first time I visited it years ago, the emblematic red building was SEGA (now it's gigo) and I loved it because I really liked SEGA games. I couldn't be happier there. Seeing all the streets illuminated by their lights and screens.<br \/>\nSo this time I wanted to embroider it from another perspective where you can see the train and several family shops in the area.<\/p>\n<p>It is an embroidery with different volumes and textures, where I have used different embroidery techniques. It has light.<\/p>\n<p>This embroidery has appeared in the book Tokio Sobre Tela.<\/p>\n<p>Shipped by registered courier with shipping tracking.<\/p>\n<p>*Unique Piece*<\/p>\n<p>Size: 31cm<\/p>","protected":false},"excerpt":{"rendered":"<p>Akihabara is one of the busiest districts. The first time I visited it years ago, the emblematic red building was SEGA (now it's gigo) and I loved it because I really liked SEGA games. I couldn't be happier there. Seeing all the streets illuminated by their lights and screens.<br \/>\nSo this time I wanted to embroider it from another perspective where you can see the train and several family shops in the area.<\/p>\n<p>It is an embroidery with different volumes and textures, where I have used different embroidery techniques. It has light.<\/p>\n<p>This embroidery has appeared in the book Tokio Sobre Tela.<\/p>\n<p>Shipped by registered courier with shipping tracking.<\/p>\n<p>*Unique Piece*<\/p>\n<p>Size: 31cm<\/p>","protected":false},"featured_media":3105,"template":"","meta":{"_monsterinsights_skip_tracking":false,"_monsterinsights_sitenote_active":false,"_monsterinsights_sitenote_note":"","_monsterinsights_sitenote_category":0,"site-sidebar-layout":"default","site-content-layout":"","ast-site-content-layout":"default","site-content-style":"default","site-sidebar-style":"default","ast-global-header-display":"","ast-banner-title-visibility":"","ast-main-header-display":"","ast-hfb-above-header-display":"","ast-hfb-below-header-display":"","ast-hfb-mobile-header-display":"","site-post-title":"","ast-breadcrumbs-content":"","ast-featured-img":"","footer-sml-layout":"","ast-disable-related-posts":"","theme-transparent-header-meta":"default","adv-header-id-meta":"","stick-header-meta":"","header-above-stick-meta":"","header-main-stick-meta":"","header-below-stick-meta":"","astra-migrate-meta-layouts":"set","ast-page-background-enabled":"default","ast-page-background-meta":{"desktop":{"background-color":"var(--ast-global-color-4)","background-image":"","background-repeat":"repeat","background-position":"center center","background-size":"auto","background-attachment":"scroll","background-type":"","background-media":"","overlay-type":"","overlay-color":"","overlay-opacity":"","overlay-gradient":""},"tablet":{"background-color":"","background-image":"","background-repeat":"repeat","background-position":"center center","background-size":"auto","background-attachment":"scroll","background-type":"","background-media":"","overlay-type":"","overlay-color":"","overlay-opacity":"","overlay-gradient":""},"mobile":{"background-color":"","background-image":"","background-repeat":"repeat","background-position":"center center","background-size":"auto","background-attachment":"scroll","background-type":"","background-media":"","overlay-type":"","overlay-color":"","overlay-opacity":"","overlay-gradient":""}},"ast-content-background-meta":{"desktop":{"background-color":"var(--ast-global-color-5)","background-image":"","background-repeat":"repeat","background-position":"center center","background-size":"auto","background-attachment":"scroll","background-type":"","background-media":"","overlay-type":"","overlay-color":"","overlay-opacity":"","overlay-gradient":""},"tablet":{"background-color":"var(--ast-global-color-5)","background-image":"","background-repeat":"repeat","background-position":"center center","background-size":"auto","background-attachment":"scroll","background-type":"","background-media":"","overlay-type":"","overlay-color":"","overlay-opacity":"","overlay-gradient":""},"mobile":{"background-color":"var(--ast-global-color-5)","background-image":"","background-repeat":"repeat","background-position":"center center","background-size":"auto","background-attachment":"scroll","background-type":"","background-media":"","overlay-type":"","overlay-color":"","overlay-opacity":"","overlay-gradient":""}}},"product_brand":[],"product_cat":[63],"product_tag":[27,62,30,29,78],"class_list":{"0":"post-3080","1":"product","2":"type-product","3":"status-publish","4":"has-post-thumbnail","6":"product_cat-bordados","7":"product_tag-bordado","8":"product_tag-fotografia","9":"product_tag-japan","10":"product_tag-japon","11":"product_tag-vending-machine","12":"product_shipping_class-envio-bordados","13":"desktop-align-left","14":"tablet-align-left","15":"mobile-align-left","17":"first","18":"instock","19":"purchasable","20":"product-type-simple","21":"add-to-wishlist-after_add_to_cart"},"yoast_head":"<!-- This site is optimized with the Yoast SEO plugin v27.4 - https:\/\/yoast.com\/product\/yoast-seo-wordpress\/ -->\n<title>Akihabara - Yumi Hoops<\/title>\n<meta name=\"description\" content=\"Akihabara es de los distritos con m\u00e1s movimiento, el barrio de la electr\u00f3nica y tecnolog\u00eda de Tokio. Bordado con diferentes vol\u00famenes, texturas y t\u00e9cnicas.\" \/>\n<meta name=\"robots\" content=\"index, follow, max-snippet:-1, max-image-preview:large, max-video-preview:-1\" \/>\n<link rel=\"canonical\" href=\"https:\/\/www.yumihoops.com\/en\/yumi-shop\/akihabara\/\" \/>\n<meta property=\"og:locale\" content=\"en_GB\" \/>\n<meta property=\"og:type\" content=\"article\" \/>\n<meta property=\"og:title\" content=\"Bordado AKIHABARA - Yumi Hoops\" \/>\n<meta property=\"og:description\" content=\"Akihabara es de los distritos con m\u00e1s movimiento, la primera vez que lo visit\u00e9 hace a\u00f1os el emblem\u00e1tico edificio rojo era de SEGA, (ahora es gigo). Es un bordado con diferentes vol\u00famenes y texturas, donde he empleado diferentes t\u00e9cnicas de bordado. Tiene luz.\" \/>\n<meta property=\"og:url\" content=\"https:\/\/www.yumihoops.com\/en\/yumi-shop\/akihabara\/\" \/>\n<meta property=\"og:site_name\" content=\"Yumi Hoops\" \/>\n<meta property=\"article:modified_time\" content=\"2025-06-22T10:43:18+00:00\" \/>\n<meta property=\"og:image\" content=\"https:\/\/www.yumihoops.com\/wp-content\/uploads\/2024\/09\/Akihabara.jpg\" \/>\n\t<meta property=\"og:image:width\" content=\"600\" \/>\n\t<meta property=\"og:image:height\" content=\"600\" \/>\n\t<meta property=\"og:image:type\" content=\"image\/jpeg\" \/>\n<meta name=\"twitter:card\" content=\"summary_large_image\" \/>\n<meta name=\"twitter:title\" content=\"Bordado AKIHABARA - Yumi Hoops\" \/>\n<meta name=\"twitter:description\" content=\"Akihabara es de los distritos con m\u00e1s movimiento, la primera vez que lo visit\u00e9 hace a\u00f1os el emblem\u00e1tico edificio rojo era de SEGA, (ahora es gigo). Es un bordado con diferentes vol\u00famenes y texturas, donde he empleado diferentes t\u00e9cnicas de bordado. Tiene luz.\" \/>\n<meta name=\"twitter:image\" content=\"https:\/\/www.yumihoops.com\/wp-content\/uploads\/2024\/09\/Akihabara.jpg\" \/>\n<meta name=\"twitter:label1\" content=\"Estimated reading time\" \/>\n\t<meta name=\"twitter:data1\" content=\"1 minute\" \/>\n<script type=\"application\/ld+json\" class=\"yoast-schema-graph\">{\"@context\":\"https:\\\/\\\/schema.org\",\"@graph\":[{\"@type\":\"WebPage\",\"@id\":\"https:\\\/\\\/www.yumihoops.com\\\/yumi-shop\\\/akihabara\\\/\",\"url\":\"https:\\\/\\\/www.yumihoops.com\\\/yumi-shop\\\/akihabara\\\/\",\"name\":\"Akihabara - Yumi Hoops\",\"isPartOf\":{\"@id\":\"https:\\\/\\\/www.yumihoops.com\\\/#website\"},\"primaryImageOfPage\":{\"@id\":\"https:\\\/\\\/www.yumihoops.com\\\/yumi-shop\\\/akihabara\\\/#primaryimage\"},\"image\":{\"@id\":\"https:\\\/\\\/www.yumihoops.com\\\/yumi-shop\\\/akihabara\\\/#primaryimage\"},\"thumbnailUrl\":\"https:\\\/\\\/www.yumihoops.com\\\/wp-content\\\/uploads\\\/2024\\\/09\\\/Akihabara.jpg\",\"datePublished\":\"2024-09-27T23:08:42+00:00\",\"dateModified\":\"2025-06-22T10:43:18+00:00\",\"description\":\"Akihabara es de los distritos con m\u00e1s movimiento, el barrio de la electr\u00f3nica y tecnolog\u00eda de Tokio. Bordado con diferentes vol\u00famenes, texturas y t\u00e9cnicas.\",\"breadcrumb\":{\"@id\":\"https:\\\/\\\/www.yumihoops.com\\\/yumi-shop\\\/akihabara\\\/#breadcrumb\"},\"inLanguage\":\"en-GB\",\"potentialAction\":[{\"@type\":\"ReadAction\",\"target\":[\"https:\\\/\\\/www.yumihoops.com\\\/yumi-shop\\\/akihabara\\\/\"]}]},{\"@type\":\"ImageObject\",\"inLanguage\":\"en-GB\",\"@id\":\"https:\\\/\\\/www.yumihoops.com\\\/yumi-shop\\\/akihabara\\\/#primaryimage\",\"url\":\"https:\\\/\\\/www.yumihoops.com\\\/wp-content\\\/uploads\\\/2024\\\/09\\\/Akihabara.jpg\",\"contentUrl\":\"https:\\\/\\\/www.yumihoops.com\\\/wp-content\\\/uploads\\\/2024\\\/09\\\/Akihabara.jpg\",\"width\":600,\"height\":600},{\"@type\":\"BreadcrumbList\",\"@id\":\"https:\\\/\\\/www.yumihoops.com\\\/yumi-shop\\\/akihabara\\\/#breadcrumb\",\"itemListElement\":[{\"@type\":\"ListItem\",\"position\":1,\"name\":\"Portada\",\"item\":\"https:\\\/\\\/www.yumihoops.com\\\/\"},{\"@type\":\"ListItem\",\"position\":2,\"name\":\"Productos\",\"item\":\"https:\\\/\\\/www.yumihoops.com\\\/index.php\\\/shop\\\/\"},{\"@type\":\"ListItem\",\"position\":3,\"name\":\"Akihabara\"}]},{\"@type\":\"WebSite\",\"@id\":\"https:\\\/\\\/www.yumihoops.com\\\/#website\",\"url\":\"https:\\\/\\\/www.yumihoops.com\\\/\",\"name\":\"Yumi Hoops\",\"description\":\"Bordados, libros, kits...\",\"publisher\":{\"@id\":\"https:\\\/\\\/www.yumihoops.com\\\/#organization\"},\"potentialAction\":[{\"@type\":\"SearchAction\",\"target\":{\"@type\":\"EntryPoint\",\"urlTemplate\":\"https:\\\/\\\/www.yumihoops.com\\\/?s={search_term_string}\"},\"query-input\":{\"@type\":\"PropertyValueSpecification\",\"valueRequired\":true,\"valueName\":\"search_term_string\"}}],\"inLanguage\":\"en-GB\"},{\"@type\":\"Organization\",\"@id\":\"https:\\\/\\\/www.yumihoops.com\\\/#organization\",\"name\":\"Yumi Hoops\",\"url\":\"https:\\\/\\\/www.yumihoops.com\\\/\",\"logo\":{\"@type\":\"ImageObject\",\"inLanguage\":\"en-GB\",\"@id\":\"https:\\\/\\\/www.yumihoops.com\\\/#\\\/schema\\\/logo\\\/image\\\/\",\"url\":\"https:\\\/\\\/www.yumihoops.com\\\/wp-content\\\/uploads\\\/2024\\\/05\\\/Logo-Yumi-Hoops-Rosa-y-Lila-e1716821195280.png\",\"contentUrl\":\"https:\\\/\\\/www.yumihoops.com\\\/wp-content\\\/uploads\\\/2024\\\/05\\\/Logo-Yumi-Hoops-Rosa-y-Lila-e1716821195280.png\",\"width\":600,\"height\":394,\"caption\":\"Yumi Hoops\"},\"image\":{\"@id\":\"https:\\\/\\\/www.yumihoops.com\\\/#\\\/schema\\\/logo\\\/image\\\/\"},\"sameAs\":[\"https:\\\/\\\/www.instagram.com\\\/yumi_hoops\\\/\"]}]}<\/script>\n<!-- \/ Yoast SEO plugin. -->","yoast_head_json":{"title":"Akihabara - Yumi Hoops","description":"Akihabara es de los distritos con m\u00e1s movimiento, el barrio de la electr\u00f3nica y tecnolog\u00eda de Tokio. Bordado con diferentes vol\u00famenes, texturas y t\u00e9cnicas.","robots":{"index":"index","follow":"follow","max-snippet":"max-snippet:-1","max-image-preview":"max-image-preview:large","max-video-preview":"max-video-preview:-1"},"canonical":"https:\/\/www.yumihoops.com\/en\/yumi-shop\/akihabara\/","og_locale":"en_GB","og_type":"article","og_title":"Bordado AKIHABARA - Yumi Hoops","og_description":"Akihabara es de los distritos con m\u00e1s movimiento, la primera vez que lo visit\u00e9 hace a\u00f1os el emblem\u00e1tico edificio rojo era de SEGA, (ahora es gigo). Es un bordado con diferentes vol\u00famenes y texturas, donde he empleado diferentes t\u00e9cnicas de bordado. Tiene luz.","og_url":"https:\/\/www.yumihoops.com\/en\/yumi-shop\/akihabara\/","og_site_name":"Yumi Hoops","article_modified_time":"2025-06-22T10:43:18+00:00","og_image":[{"width":600,"height":600,"url":"https:\/\/www.yumihoops.com\/wp-content\/uploads\/2024\/09\/Akihabara.jpg","type":"image\/jpeg"}],"twitter_card":"summary_large_image","twitter_title":"Bordado AKIHABARA - Yumi Hoops","twitter_description":"Akihabara es de los distritos con m\u00e1s movimiento, la primera vez que lo visit\u00e9 hace a\u00f1os el emblem\u00e1tico edificio rojo era de SEGA, (ahora es gigo). Es un bordado con diferentes vol\u00famenes y texturas, donde he empleado diferentes t\u00e9cnicas de bordado. Tiene luz.","twitter_image":"https:\/\/www.yumihoops.com\/wp-content\/uploads\/2024\/09\/Akihabara.jpg","twitter_misc":{"Estimated reading time":"1 minute"},"schema":{"@context":"https:\/\/schema.org","@graph":[{"@type":"WebPage","@id":"https:\/\/www.yumihoops.com\/yumi-shop\/akihabara\/","url":"https:\/\/www.yumihoops.com\/yumi-shop\/akihabara\/","name":"Akihabara - Yumi Hoops","isPartOf":{"@id":"https:\/\/www.yumihoops.com\/#website"},"primaryImageOfPage":{"@id":"https:\/\/www.yumihoops.com\/yumi-shop\/akihabara\/#primaryimage"},"image":{"@id":"https:\/\/www.yumihoops.com\/yumi-shop\/akihabara\/#primaryimage"},"thumbnailUrl":"https:\/\/www.yumihoops.com\/wp-content\/uploads\/2024\/09\/Akihabara.jpg","datePublished":"2024-09-27T23:08:42+00:00","dateModified":"2025-06-22T10:43:18+00:00","description":"Akihabara es de los distritos con m\u00e1s movimiento, el barrio de la electr\u00f3nica y tecnolog\u00eda de Tokio. Bordado con diferentes vol\u00famenes, texturas y t\u00e9cnicas.","breadcrumb":{"@id":"https:\/\/www.yumihoops.com\/yumi-shop\/akihabara\/#breadcrumb"},"inLanguage":"en-GB","potentialAction":[{"@type":"ReadAction","target":["https:\/\/www.yumihoops.com\/yumi-shop\/akihabara\/"]}]},{"@type":"ImageObject","inLanguage":"en-GB","@id":"https:\/\/www.yumihoops.com\/yumi-shop\/akihabara\/#primaryimage","url":"https:\/\/www.yumihoops.com\/wp-content\/uploads\/2024\/09\/Akihabara.jpg","contentUrl":"https:\/\/www.yumihoops.com\/wp-content\/uploads\/2024\/09\/Akihabara.jpg","width":600,"height":600},{"@type":"BreadcrumbList","@id":"https:\/\/www.yumihoops.com\/yumi-shop\/akihabara\/#breadcrumb","itemListElement":[{"@type":"ListItem","position":1,"name":"Portada","item":"https:\/\/www.yumihoops.com\/"},{"@type":"ListItem","position":2,"name":"Productos","item":"https:\/\/www.yumihoops.com\/index.php\/shop\/"},{"@type":"ListItem","position":3,"name":"Akihabara"}]},{"@type":"WebSite","@id":"https:\/\/www.yumihoops.com\/#website","url":"https:\/\/www.yumihoops.com\/","name":"Yumi Hoops","description":"Bordados, libros, kits...","publisher":{"@id":"https:\/\/www.yumihoops.com\/#organization"},"potentialAction":[{"@type":"SearchAction","target":{"@type":"EntryPoint","urlTemplate":"https:\/\/www.yumihoops.com\/?s={search_term_string}"},"query-input":{"@type":"PropertyValueSpecification","valueRequired":true,"valueName":"search_term_string"}}],"inLanguage":"en-GB"},{"@type":"Organization","@id":"https:\/\/www.yumihoops.com\/#organization","name":"Yumi Hoops","url":"https:\/\/www.yumihoops.com\/","logo":{"@type":"ImageObject","inLanguage":"en-GB","@id":"https:\/\/www.yumihoops.com\/#\/schema\/logo\/image\/","url":"https:\/\/www.yumihoops.com\/wp-content\/uploads\/2024\/05\/Logo-Yumi-Hoops-Rosa-y-Lila-e1716821195280.png","contentUrl":"https:\/\/www.yumihoops.com\/wp-content\/uploads\/2024\/05\/Logo-Yumi-Hoops-Rosa-y-Lila-e1716821195280.png","width":600,"height":394,"caption":"Yumi Hoops"},"image":{"@id":"https:\/\/www.yumihoops.com\/#\/schema\/logo\/image\/"},"sameAs":["https:\/\/www.instagram.com\/yumi_hoops\/"]}]}},"_links":{"self":[{"href":"https:\/\/www.yumihoops.com\/en\/wp-json\/wp\/v2\/product\/3080","targetHints":{"allow":["GET"]}}],"collection":[{"href":"https:\/\/www.yumihoops.com\/en\/wp-json\/wp\/v2\/product"}],"about":[{"href":"https:\/\/www.yumihoops.com\/en\/wp-json\/wp\/v2\/types\/product"}],"wp:featuredmedia":[{"embeddable":true,"href":"https:\/\/www.yumihoops.com\/en\/wp-json\/wp\/v2\/media\/3105"}],"wp:attachment":[{"href":"https:\/\/www.yumihoops.com\/en\/wp-json\/wp\/v2\/media?parent=3080"}],"wp:term":[{"taxonomy":"product_brand","embeddable":true,"href":"https:\/\/www.yumihoops.com\/en\/wp-json\/wp\/v2\/product_brand?post=3080"},{"taxonomy":"product_cat","embeddable":true,"href":"https:\/\/www.yumihoops.com\/en\/wp-json\/wp\/v2\/product_cat?post=3080"},{"taxonomy":"product_tag","embeddable":true,"href":"https:\/\/www.yumihoops.com\/en\/wp-json\/wp\/v2\/product_tag?post=3080"}],"curies":[{"name":"wp","href":"https:\/\/api.w.org\/{rel}","templated":true}]}}