{"id":3079,"date":"2024-09-27T23:03:05","date_gmt":"2024-09-27T23:03:05","guid":{"rendered":"https:\/\/www.yumihoops.com\/?post_type=product&#038;p=3079"},"modified":"2025-06-22T12:48:05","modified_gmt":"2025-06-22T10:48:05","slug":"vending-machine","status":"publish","type":"product","link":"https:\/\/www.yumihoops.com\/en\/yumi-shop\/vending-machine\/","title":{"rendered":"Vending Machine"},"content":{"rendered":"<p>This embroidery of a Vending Machine is one of the embroidery pieces I have enjoyed doing the most. One night I woke up with the idea and ran to get paper and pencil to sketch it before I forgot. Vending Machines in Japan are unique, they always work, they are clean, good prices and they sell everything from a coffee to a shirt!<\/p>\n<p>It is an embroidery with different volumes and textures, where I have used different embroidery techniques. It has light.<\/p>\n<p>This embroidery has appeared in the book Tokio Sobre Tela.<\/p>\n<p>Shipped by registered courier with shipping tracking.<\/p>\n<p>*Unique Piece*<\/p>\n<p>Size: 18cm x 24cm<\/p>","protected":false},"excerpt":{"rendered":"<p>This embroidery of a Vending Machine is one of the embroidery pieces I have enjoyed doing the most. One night I woke up with the idea and ran to get paper and pencil to sketch it before I forgot. Vending Machines in Japan are unique, they always work, they are clean, good prices and they sell everything from a coffee to a shirt!<\/p>\n<p>It is an embroidery with different volumes and textures, where I have used different embroidery techniques. It has light.<\/p>\n<p>This embroidery has appeared in the book Tokio Sobre Tela.<\/p>\n<p>Shipped by registered courier with shipping tracking.<\/p>\n<p>*Unique Piece*<\/p>\n<p>Size: 18cm x 24cm<\/p>","protected":false},"featured_media":3096,"template":"","meta":{"_monsterinsights_skip_tracking":false,"_monsterinsights_sitenote_active":false,"_monsterinsights_sitenote_note":"","_monsterinsights_sitenote_category":0,"site-sidebar-layout":"default","site-content-layout":"","ast-site-content-layout":"default","site-content-style":"default","site-sidebar-style":"default","ast-global-header-display":"","ast-banner-title-visibility":"","ast-main-header-display":"","ast-hfb-above-header-display":"","ast-hfb-below-header-display":"","ast-hfb-mobile-header-display":"","site-post-title":"","ast-breadcrumbs-content":"","ast-featured-img":"","footer-sml-layout":"","ast-disable-related-posts":"","theme-transparent-header-meta":"default","adv-header-id-meta":"","stick-header-meta":"","header-above-stick-meta":"","header-main-stick-meta":"","header-below-stick-meta":"","astra-migrate-meta-layouts":"set","ast-page-background-enabled":"default","ast-page-background-meta":{"desktop":{"background-color":"var(--ast-global-color-4)","background-image":"","background-repeat":"repeat","background-position":"center center","background-size":"auto","background-attachment":"scroll","background-type":"","background-media":"","overlay-type":"","overlay-color":"","overlay-opacity":"","overlay-gradient":""},"tablet":{"background-color":"","background-image":"","background-repeat":"repeat","background-position":"center center","background-size":"auto","background-attachment":"scroll","background-type":"","background-media":"","overlay-type":"","overlay-color":"","overlay-opacity":"","overlay-gradient":""},"mobile":{"background-color":"","background-image":"","background-repeat":"repeat","background-position":"center center","background-size":"auto","background-attachment":"scroll","background-type":"","background-media":"","overlay-type":"","overlay-color":"","overlay-opacity":"","overlay-gradient":""}},"ast-content-background-meta":{"desktop":{"background-color":"var(--ast-global-color-5)","background-image":"","background-repeat":"repeat","background-position":"center center","background-size":"auto","background-attachment":"scroll","background-type":"","background-media":"","overlay-type":"","overlay-color":"","overlay-opacity":"","overlay-gradient":""},"tablet":{"background-color":"var(--ast-global-color-5)","background-image":"","background-repeat":"repeat","background-position":"center center","background-size":"auto","background-attachment":"scroll","background-type":"","background-media":"","overlay-type":"","overlay-color":"","overlay-opacity":"","overlay-gradient":""},"mobile":{"background-color":"var(--ast-global-color-5)","background-image":"","background-repeat":"repeat","background-position":"center center","background-size":"auto","background-attachment":"scroll","background-type":"","background-media":"","overlay-type":"","overlay-color":"","overlay-opacity":"","overlay-gradient":""}}},"product_brand":[],"product_cat":[63],"product_tag":[27,62,30,29,78],"class_list":{"0":"post-3079","1":"product","2":"type-product","3":"status-publish","4":"has-post-thumbnail","6":"product_cat-bordados","7":"product_tag-bordado","8":"product_tag-fotografia","9":"product_tag-japan","10":"product_tag-japon","11":"product_tag-vending-machine","12":"product_shipping_class-envio-bordados","13":"desktop-align-left","14":"tablet-align-left","15":"mobile-align-left","17":"first","18":"instock","19":"purchasable","20":"product-type-simple","21":"add-to-wishlist-after_add_to_cart"},"yoast_head":"<!-- This site is optimized with the Yoast SEO plugin v27.4 - https:\/\/yoast.com\/product\/yoast-seo-wordpress\/ -->\n<title>Vending Machine - Yumi Hoops<\/title>\n<meta name=\"description\" content=\"Este bordado de una Vending Machine es uno de los bordados que m\u00e1s he disfrutado haciendo. Es un bordado con diferentes vol\u00famenes, texturas y t\u00e9cnicas.\" \/>\n<meta name=\"robots\" content=\"index, follow, max-snippet:-1, max-image-preview:large, max-video-preview:-1\" \/>\n<link rel=\"canonical\" href=\"https:\/\/www.yumihoops.com\/en\/yumi-shop\/vending-machine\/\" \/>\n<meta property=\"og:locale\" content=\"en_GB\" \/>\n<meta property=\"og:type\" content=\"article\" \/>\n<meta property=\"og:title\" content=\"Bordado VENDING MACHINE - Yumi Hoops\" \/>\n<meta property=\"og:description\" content=\"Si has estado en Jap\u00f3n y has probado el kakigori, sabes que es algo que querr\u00e1s volver a comer, verdad? Este bordado con volumen te llevar\u00e1 a esos momentos ricos.Este bordado de una Vending Machine es uno de los bordados que m\u00e1s he disfrutado haciendo. Es un bordado con diferentes vol\u00famenes, texturas y t\u00e9cnicas.\" \/>\n<meta property=\"og:url\" content=\"https:\/\/www.yumihoops.com\/en\/yumi-shop\/vending-machine\/\" \/>\n<meta property=\"og:site_name\" content=\"Yumi Hoops\" \/>\n<meta property=\"article:modified_time\" content=\"2025-06-22T10:48:05+00:00\" \/>\n<meta property=\"og:image\" content=\"https:\/\/www.yumihoops.com\/wp-content\/uploads\/2024\/09\/Vending-Machine.jpg\" \/>\n\t<meta property=\"og:image:width\" content=\"600\" \/>\n\t<meta property=\"og:image:height\" content=\"600\" \/>\n\t<meta property=\"og:image:type\" content=\"image\/jpeg\" \/>\n<meta name=\"twitter:card\" content=\"summary_large_image\" \/>\n<meta name=\"twitter:title\" content=\"Bordado VENDING MACHINE - Yumi Hoops\" \/>\n<meta name=\"twitter:description\" content=\"Si has estado en Jap\u00f3n y has probado el kakigori, sabes que es algo que querr\u00e1s volver a comer, verdad? Este bordado con volumen te llevar\u00e1 a esos momentos ricos.Este bordado de una Vending Machine es uno de los bordados que m\u00e1s he disfrutado haciendo. Es un bordado con diferentes vol\u00famenes, texturas y t\u00e9cnicas.\" \/>\n<meta name=\"twitter:image\" content=\"https:\/\/www.yumihoops.com\/wp-content\/uploads\/2024\/09\/Vending-Machine.jpg\" \/>\n<meta name=\"twitter:label1\" content=\"Estimated reading time\" \/>\n\t<meta name=\"twitter:data1\" content=\"1 minute\" \/>\n<script type=\"application\/ld+json\" class=\"yoast-schema-graph\">{\"@context\":\"https:\\\/\\\/schema.org\",\"@graph\":[{\"@type\":\"WebPage\",\"@id\":\"https:\\\/\\\/www.yumihoops.com\\\/yumi-shop\\\/vending-machine\\\/\",\"url\":\"https:\\\/\\\/www.yumihoops.com\\\/yumi-shop\\\/vending-machine\\\/\",\"name\":\"Vending Machine - Yumi Hoops\",\"isPartOf\":{\"@id\":\"https:\\\/\\\/www.yumihoops.com\\\/#website\"},\"primaryImageOfPage\":{\"@id\":\"https:\\\/\\\/www.yumihoops.com\\\/yumi-shop\\\/vending-machine\\\/#primaryimage\"},\"image\":{\"@id\":\"https:\\\/\\\/www.yumihoops.com\\\/yumi-shop\\\/vending-machine\\\/#primaryimage\"},\"thumbnailUrl\":\"https:\\\/\\\/www.yumihoops.com\\\/wp-content\\\/uploads\\\/2024\\\/09\\\/Vending-Machine.jpg\",\"datePublished\":\"2024-09-27T23:03:05+00:00\",\"dateModified\":\"2025-06-22T10:48:05+00:00\",\"description\":\"Este bordado de una Vending Machine es uno de los bordados que m\u00e1s he disfrutado haciendo. Es un bordado con diferentes vol\u00famenes, texturas y t\u00e9cnicas.\",\"breadcrumb\":{\"@id\":\"https:\\\/\\\/www.yumihoops.com\\\/yumi-shop\\\/vending-machine\\\/#breadcrumb\"},\"inLanguage\":\"en-GB\",\"potentialAction\":[{\"@type\":\"ReadAction\",\"target\":[\"https:\\\/\\\/www.yumihoops.com\\\/yumi-shop\\\/vending-machine\\\/\"]}]},{\"@type\":\"ImageObject\",\"inLanguage\":\"en-GB\",\"@id\":\"https:\\\/\\\/www.yumihoops.com\\\/yumi-shop\\\/vending-machine\\\/#primaryimage\",\"url\":\"https:\\\/\\\/www.yumihoops.com\\\/wp-content\\\/uploads\\\/2024\\\/09\\\/Vending-Machine.jpg\",\"contentUrl\":\"https:\\\/\\\/www.yumihoops.com\\\/wp-content\\\/uploads\\\/2024\\\/09\\\/Vending-Machine.jpg\",\"width\":600,\"height\":600},{\"@type\":\"BreadcrumbList\",\"@id\":\"https:\\\/\\\/www.yumihoops.com\\\/yumi-shop\\\/vending-machine\\\/#breadcrumb\",\"itemListElement\":[{\"@type\":\"ListItem\",\"position\":1,\"name\":\"Portada\",\"item\":\"https:\\\/\\\/www.yumihoops.com\\\/\"},{\"@type\":\"ListItem\",\"position\":2,\"name\":\"Productos\",\"item\":\"https:\\\/\\\/www.yumihoops.com\\\/index.php\\\/shop\\\/\"},{\"@type\":\"ListItem\",\"position\":3,\"name\":\"Vending Machine\"}]},{\"@type\":\"WebSite\",\"@id\":\"https:\\\/\\\/www.yumihoops.com\\\/#website\",\"url\":\"https:\\\/\\\/www.yumihoops.com\\\/\",\"name\":\"Yumi Hoops\",\"description\":\"Bordados, libros, kits...\",\"publisher\":{\"@id\":\"https:\\\/\\\/www.yumihoops.com\\\/#organization\"},\"potentialAction\":[{\"@type\":\"SearchAction\",\"target\":{\"@type\":\"EntryPoint\",\"urlTemplate\":\"https:\\\/\\\/www.yumihoops.com\\\/?s={search_term_string}\"},\"query-input\":{\"@type\":\"PropertyValueSpecification\",\"valueRequired\":true,\"valueName\":\"search_term_string\"}}],\"inLanguage\":\"en-GB\"},{\"@type\":\"Organization\",\"@id\":\"https:\\\/\\\/www.yumihoops.com\\\/#organization\",\"name\":\"Yumi Hoops\",\"url\":\"https:\\\/\\\/www.yumihoops.com\\\/\",\"logo\":{\"@type\":\"ImageObject\",\"inLanguage\":\"en-GB\",\"@id\":\"https:\\\/\\\/www.yumihoops.com\\\/#\\\/schema\\\/logo\\\/image\\\/\",\"url\":\"https:\\\/\\\/www.yumihoops.com\\\/wp-content\\\/uploads\\\/2024\\\/05\\\/Logo-Yumi-Hoops-Rosa-y-Lila-e1716821195280.png\",\"contentUrl\":\"https:\\\/\\\/www.yumihoops.com\\\/wp-content\\\/uploads\\\/2024\\\/05\\\/Logo-Yumi-Hoops-Rosa-y-Lila-e1716821195280.png\",\"width\":600,\"height\":394,\"caption\":\"Yumi Hoops\"},\"image\":{\"@id\":\"https:\\\/\\\/www.yumihoops.com\\\/#\\\/schema\\\/logo\\\/image\\\/\"},\"sameAs\":[\"https:\\\/\\\/www.instagram.com\\\/yumi_hoops\\\/\"]}]}<\/script>\n<!-- \/ Yoast SEO plugin. -->","yoast_head_json":{"title":"Vending Machine - Yumi Hoops","description":"Este bordado de una Vending Machine es uno de los bordados que m\u00e1s he disfrutado haciendo. Es un bordado con diferentes vol\u00famenes, texturas y t\u00e9cnicas.","robots":{"index":"index","follow":"follow","max-snippet":"max-snippet:-1","max-image-preview":"max-image-preview:large","max-video-preview":"max-video-preview:-1"},"canonical":"https:\/\/www.yumihoops.com\/en\/yumi-shop\/vending-machine\/","og_locale":"en_GB","og_type":"article","og_title":"Bordado VENDING MACHINE - Yumi Hoops","og_description":"Si has estado en Jap\u00f3n y has probado el kakigori, sabes que es algo que querr\u00e1s volver a comer, verdad? Este bordado con volumen te llevar\u00e1 a esos momentos ricos.Este bordado de una Vending Machine es uno de los bordados que m\u00e1s he disfrutado haciendo. Es un bordado con diferentes vol\u00famenes, texturas y t\u00e9cnicas.","og_url":"https:\/\/www.yumihoops.com\/en\/yumi-shop\/vending-machine\/","og_site_name":"Yumi Hoops","article_modified_time":"2025-06-22T10:48:05+00:00","og_image":[{"width":600,"height":600,"url":"https:\/\/www.yumihoops.com\/wp-content\/uploads\/2024\/09\/Vending-Machine.jpg","type":"image\/jpeg"}],"twitter_card":"summary_large_image","twitter_title":"Bordado VENDING MACHINE - Yumi Hoops","twitter_description":"Si has estado en Jap\u00f3n y has probado el kakigori, sabes que es algo que querr\u00e1s volver a comer, verdad? Este bordado con volumen te llevar\u00e1 a esos momentos ricos.Este bordado de una Vending Machine es uno de los bordados que m\u00e1s he disfrutado haciendo. Es un bordado con diferentes vol\u00famenes, texturas y t\u00e9cnicas.","twitter_image":"https:\/\/www.yumihoops.com\/wp-content\/uploads\/2024\/09\/Vending-Machine.jpg","twitter_misc":{"Estimated reading time":"1 minute"},"schema":{"@context":"https:\/\/schema.org","@graph":[{"@type":"WebPage","@id":"https:\/\/www.yumihoops.com\/yumi-shop\/vending-machine\/","url":"https:\/\/www.yumihoops.com\/yumi-shop\/vending-machine\/","name":"Vending Machine - Yumi Hoops","isPartOf":{"@id":"https:\/\/www.yumihoops.com\/#website"},"primaryImageOfPage":{"@id":"https:\/\/www.yumihoops.com\/yumi-shop\/vending-machine\/#primaryimage"},"image":{"@id":"https:\/\/www.yumihoops.com\/yumi-shop\/vending-machine\/#primaryimage"},"thumbnailUrl":"https:\/\/www.yumihoops.com\/wp-content\/uploads\/2024\/09\/Vending-Machine.jpg","datePublished":"2024-09-27T23:03:05+00:00","dateModified":"2025-06-22T10:48:05+00:00","description":"Este bordado de una Vending Machine es uno de los bordados que m\u00e1s he disfrutado haciendo. Es un bordado con diferentes vol\u00famenes, texturas y t\u00e9cnicas.","breadcrumb":{"@id":"https:\/\/www.yumihoops.com\/yumi-shop\/vending-machine\/#breadcrumb"},"inLanguage":"en-GB","potentialAction":[{"@type":"ReadAction","target":["https:\/\/www.yumihoops.com\/yumi-shop\/vending-machine\/"]}]},{"@type":"ImageObject","inLanguage":"en-GB","@id":"https:\/\/www.yumihoops.com\/yumi-shop\/vending-machine\/#primaryimage","url":"https:\/\/www.yumihoops.com\/wp-content\/uploads\/2024\/09\/Vending-Machine.jpg","contentUrl":"https:\/\/www.yumihoops.com\/wp-content\/uploads\/2024\/09\/Vending-Machine.jpg","width":600,"height":600},{"@type":"BreadcrumbList","@id":"https:\/\/www.yumihoops.com\/yumi-shop\/vending-machine\/#breadcrumb","itemListElement":[{"@type":"ListItem","position":1,"name":"Portada","item":"https:\/\/www.yumihoops.com\/"},{"@type":"ListItem","position":2,"name":"Productos","item":"https:\/\/www.yumihoops.com\/index.php\/shop\/"},{"@type":"ListItem","position":3,"name":"Vending Machine"}]},{"@type":"WebSite","@id":"https:\/\/www.yumihoops.com\/#website","url":"https:\/\/www.yumihoops.com\/","name":"Yumi Hoops","description":"Bordados, libros, kits...","publisher":{"@id":"https:\/\/www.yumihoops.com\/#organization"},"potentialAction":[{"@type":"SearchAction","target":{"@type":"EntryPoint","urlTemplate":"https:\/\/www.yumihoops.com\/?s={search_term_string}"},"query-input":{"@type":"PropertyValueSpecification","valueRequired":true,"valueName":"search_term_string"}}],"inLanguage":"en-GB"},{"@type":"Organization","@id":"https:\/\/www.yumihoops.com\/#organization","name":"Yumi Hoops","url":"https:\/\/www.yumihoops.com\/","logo":{"@type":"ImageObject","inLanguage":"en-GB","@id":"https:\/\/www.yumihoops.com\/#\/schema\/logo\/image\/","url":"https:\/\/www.yumihoops.com\/wp-content\/uploads\/2024\/05\/Logo-Yumi-Hoops-Rosa-y-Lila-e1716821195280.png","contentUrl":"https:\/\/www.yumihoops.com\/wp-content\/uploads\/2024\/05\/Logo-Yumi-Hoops-Rosa-y-Lila-e1716821195280.png","width":600,"height":394,"caption":"Yumi Hoops"},"image":{"@id":"https:\/\/www.yumihoops.com\/#\/schema\/logo\/image\/"},"sameAs":["https:\/\/www.instagram.com\/yumi_hoops\/"]}]}},"_links":{"self":[{"href":"https:\/\/www.yumihoops.com\/en\/wp-json\/wp\/v2\/product\/3079","targetHints":{"allow":["GET"]}}],"collection":[{"href":"https:\/\/www.yumihoops.com\/en\/wp-json\/wp\/v2\/product"}],"about":[{"href":"https:\/\/www.yumihoops.com\/en\/wp-json\/wp\/v2\/types\/product"}],"wp:featuredmedia":[{"embeddable":true,"href":"https:\/\/www.yumihoops.com\/en\/wp-json\/wp\/v2\/media\/3096"}],"wp:attachment":[{"href":"https:\/\/www.yumihoops.com\/en\/wp-json\/wp\/v2\/media?parent=3079"}],"wp:term":[{"taxonomy":"product_brand","embeddable":true,"href":"https:\/\/www.yumihoops.com\/en\/wp-json\/wp\/v2\/product_brand?post=3079"},{"taxonomy":"product_cat","embeddable":true,"href":"https:\/\/www.yumihoops.com\/en\/wp-json\/wp\/v2\/product_cat?post=3079"},{"taxonomy":"product_tag","embeddable":true,"href":"https:\/\/www.yumihoops.com\/en\/wp-json\/wp\/v2\/product_tag?post=3079"}],"curies":[{"name":"wp","href":"https:\/\/api.w.org\/{rel}","templated":true}]}}