{"id":3077,"date":"2024-09-27T15:46:12","date_gmt":"2024-09-27T15:46:12","guid":{"rendered":"https:\/\/www.yumihoops.com\/?post_type=product&#038;p=3077"},"modified":"2025-06-22T12:48:45","modified_gmt":"2025-06-22T10:48:45","slug":"sento","status":"publish","type":"product","link":"https:\/\/www.yumihoops.com\/en\/yumi-shop\/sento\/","title":{"rendered":"Sento"},"content":{"rendered":"<p>Do you know what a Sento is? Sento are public baths, they are not the same as onsen, since those are hot spring baths. In Japan, they did not have space for bathtubs in their houses before, and neighbors and friends would meet to take a bath and socialize in the Sento for a very cheap price. Today, with the new constructions, they already include bathtubs, so many slow ones have been closing. But luckily, the tradition of going and preserving them still remains.<\/p>\n<p>I love this embroidery, and I was inspired to do it by a video clip they made with a remaster of the song \u201cStay with me\u201d by @staywithme_miki, which is a great song that I have been listening to for years and I love!\u00a0<a class=\"x1i10hfl xjbqb8w x1ejq31n xd10rxx x1sy0etr x17r0tee x972fbf xcfux6l x1qhh985 xm0m39n x9f619 x1ypdohk xt0psk2 xe8uvvx xdj266r x11i5rnm xat24cr x1mh8g0r xexx8yu x4uap5 x18d9i69 xkhd6sd x16tdsg8 x1hl2dhg xggy1nq x1a2a7pz notranslate _a6hd\" tabindex=\"0\" role=\"link\" href=\"https:\/\/www.instagram.com\/staywithme_miki\/\">@staywithme_miki<\/a> , que es un temazo que llevo a\u00f1os escuchando y me encanta!<\/p>\n<p>It is an embroidery with different volumes and textures, where I have used different embroidery techniques.<\/p>\n<p>Shipped by registered courier with shipping tracking.<\/p>\n<p>*Unique Piece*<\/p>\n<p>Size: 40cm x 20cm<\/p>","protected":false},"excerpt":{"rendered":"<p>Do you know what a Sento is? Sento are public baths, they are not the same as onsen, since those are hot spring baths. In Japan, they did not have space for bathtubs in their houses before, and neighbors and friends would meet to take a bath and socialize in the Sento for a very cheap price. Today, with the new constructions, they already include bathtubs, so many slow ones have been closing. But luckily, the tradition of going and preserving them still remains.<\/p>\n<p>I love this embroidery, and I was inspired to do it by a video clip they made with a remaster of the song \u201cStay with me\u201d by @staywithme_miki, which is a great song that I have been listening to for years and I love!\u00a0<a class=\"x1i10hfl xjbqb8w x1ejq31n xd10rxx x1sy0etr x17r0tee x972fbf xcfux6l x1qhh985 xm0m39n x9f619 x1ypdohk xt0psk2 xe8uvvx xdj266r x11i5rnm xat24cr x1mh8g0r xexx8yu x4uap5 x18d9i69 xkhd6sd x16tdsg8 x1hl2dhg xggy1nq x1a2a7pz notranslate _a6hd\" tabindex=\"0\" role=\"link\" href=\"https:\/\/www.instagram.com\/staywithme_miki\/\">@staywithme_miki<\/a> , que es un temazo que llevo a\u00f1os escuchando y me encanta!<\/p>\n<p>It is an embroidery with different volumes and textures, where I have used different embroidery techniques.<\/p>\n<p>Shipped by registered courier with shipping tracking.<\/p>\n<p>*Unique Piece*<\/p>\n<p>Size: 40cm x 20cm<\/p>","protected":false},"featured_media":3094,"template":"","meta":{"_monsterinsights_skip_tracking":false,"_monsterinsights_sitenote_active":false,"_monsterinsights_sitenote_note":"","_monsterinsights_sitenote_category":0,"site-sidebar-layout":"default","site-content-layout":"","ast-site-content-layout":"default","site-content-style":"default","site-sidebar-style":"default","ast-global-header-display":"","ast-banner-title-visibility":"","ast-main-header-display":"","ast-hfb-above-header-display":"","ast-hfb-below-header-display":"","ast-hfb-mobile-header-display":"","site-post-title":"","ast-breadcrumbs-content":"","ast-featured-img":"","footer-sml-layout":"","ast-disable-related-posts":"","theme-transparent-header-meta":"default","adv-header-id-meta":"","stick-header-meta":"","header-above-stick-meta":"","header-main-stick-meta":"","header-below-stick-meta":"","astra-migrate-meta-layouts":"set","ast-page-background-enabled":"default","ast-page-background-meta":{"desktop":{"background-color":"var(--ast-global-color-4)","background-image":"","background-repeat":"repeat","background-position":"center center","background-size":"auto","background-attachment":"scroll","background-type":"","background-media":"","overlay-type":"","overlay-color":"","overlay-opacity":"","overlay-gradient":""},"tablet":{"background-color":"","background-image":"","background-repeat":"repeat","background-position":"center center","background-size":"auto","background-attachment":"scroll","background-type":"","background-media":"","overlay-type":"","overlay-color":"","overlay-opacity":"","overlay-gradient":""},"mobile":{"background-color":"","background-image":"","background-repeat":"repeat","background-position":"center center","background-size":"auto","background-attachment":"scroll","background-type":"","background-media":"","overlay-type":"","overlay-color":"","overlay-opacity":"","overlay-gradient":""}},"ast-content-background-meta":{"desktop":{"background-color":"var(--ast-global-color-5)","background-image":"","background-repeat":"repeat","background-position":"center center","background-size":"auto","background-attachment":"scroll","background-type":"","background-media":"","overlay-type":"","overlay-color":"","overlay-opacity":"","overlay-gradient":""},"tablet":{"background-color":"var(--ast-global-color-5)","background-image":"","background-repeat":"repeat","background-position":"center center","background-size":"auto","background-attachment":"scroll","background-type":"","background-media":"","overlay-type":"","overlay-color":"","overlay-opacity":"","overlay-gradient":""},"mobile":{"background-color":"var(--ast-global-color-5)","background-image":"","background-repeat":"repeat","background-position":"center center","background-size":"auto","background-attachment":"scroll","background-type":"","background-media":"","overlay-type":"","overlay-color":"","overlay-opacity":"","overlay-gradient":""}}},"product_brand":[],"product_cat":[63],"product_tag":[77,27,62,30,29,76],"class_list":{"0":"post-3077","1":"product","2":"type-product","3":"status-publish","4":"has-post-thumbnail","6":"product_cat-bordados","7":"product_tag-banos","8":"product_tag-bordado","9":"product_tag-fotografia","10":"product_tag-japan","11":"product_tag-japon","12":"product_tag-sento","13":"product_shipping_class-envio-bordados","14":"desktop-align-left","15":"tablet-align-left","16":"mobile-align-left","18":"first","19":"instock","20":"shipping-taxable","21":"purchasable","22":"product-type-simple","23":"add-to-wishlist-after_add_to_cart"},"yoast_head":"<!-- This site is optimized with the Yoast SEO plugin v27.4 - https:\/\/yoast.com\/product\/yoast-seo-wordpress\/ -->\n<title>Sento - Yumi Hoops<\/title>\n<meta name=\"description\" content=\"\u00bfSabes qu\u00e9 es un Sento? Los Sento son ba\u00f1os p\u00fablicos, no son lo mismo que los osen, que son ba\u00f1os termales. Bordado con diferentes vol\u00famenes y texturas.\" \/>\n<meta name=\"robots\" content=\"index, follow, max-snippet:-1, max-image-preview:large, max-video-preview:-1\" \/>\n<link rel=\"canonical\" href=\"https:\/\/www.yumihoops.com\/en\/yumi-shop\/sento\/\" \/>\n<meta property=\"og:locale\" content=\"en_GB\" \/>\n<meta property=\"og:type\" content=\"article\" \/>\n<meta property=\"og:title\" content=\"Bordado SENTO - Yumi Hoops\" \/>\n<meta property=\"og:description\" content=\"\u00bfSabes qu\u00e9 es un Sento? Los Sento son ba\u00f1os p\u00fablicos, no son lo mismo que los osen, que son ba\u00f1os termales. Es un bordado con diferentes vol\u00famenes y texturas, donde he empleado diferentes t\u00e9cnicas de bordado.\" \/>\n<meta property=\"og:url\" content=\"https:\/\/www.yumihoops.com\/en\/yumi-shop\/sento\/\" \/>\n<meta property=\"og:site_name\" content=\"Yumi Hoops\" \/>\n<meta property=\"article:modified_time\" content=\"2025-06-22T10:48:45+00:00\" \/>\n<meta property=\"og:image\" content=\"https:\/\/www.yumihoops.com\/wp-content\/uploads\/2024\/09\/Sento.jpg\" \/>\n\t<meta property=\"og:image:width\" content=\"600\" \/>\n\t<meta property=\"og:image:height\" content=\"600\" \/>\n\t<meta property=\"og:image:type\" content=\"image\/jpeg\" \/>\n<meta name=\"twitter:card\" content=\"summary_large_image\" \/>\n<meta name=\"twitter:title\" content=\"Bordado SENTO - Yumi Hoops\" \/>\n<meta name=\"twitter:description\" content=\"\u00bfSabes qu\u00e9 es un Sento? Los Sento son ba\u00f1os p\u00fablicos, no son lo mismo que los osen, que son ba\u00f1os termales. Es un bordado con diferentes vol\u00famenes y texturas, donde he empleado diferentes t\u00e9cnicas de bordado.\" \/>\n<meta name=\"twitter:image\" content=\"https:\/\/www.yumihoops.com\/wp-content\/uploads\/2024\/09\/Sento.jpg\" \/>\n<meta name=\"twitter:label1\" content=\"Estimated reading time\" \/>\n\t<meta name=\"twitter:data1\" content=\"1 minute\" \/>\n<script type=\"application\/ld+json\" class=\"yoast-schema-graph\">{\"@context\":\"https:\\\/\\\/schema.org\",\"@graph\":[{\"@type\":\"WebPage\",\"@id\":\"https:\\\/\\\/www.yumihoops.com\\\/yumi-shop\\\/sento\\\/\",\"url\":\"https:\\\/\\\/www.yumihoops.com\\\/yumi-shop\\\/sento\\\/\",\"name\":\"Sento - Yumi Hoops\",\"isPartOf\":{\"@id\":\"https:\\\/\\\/www.yumihoops.com\\\/#website\"},\"primaryImageOfPage\":{\"@id\":\"https:\\\/\\\/www.yumihoops.com\\\/yumi-shop\\\/sento\\\/#primaryimage\"},\"image\":{\"@id\":\"https:\\\/\\\/www.yumihoops.com\\\/yumi-shop\\\/sento\\\/#primaryimage\"},\"thumbnailUrl\":\"https:\\\/\\\/www.yumihoops.com\\\/wp-content\\\/uploads\\\/2024\\\/09\\\/Sento.jpg\",\"datePublished\":\"2024-09-27T15:46:12+00:00\",\"dateModified\":\"2025-06-22T10:48:45+00:00\",\"description\":\"\u00bfSabes qu\u00e9 es un Sento? Los Sento son ba\u00f1os p\u00fablicos, no son lo mismo que los osen, que son ba\u00f1os termales. Bordado con diferentes vol\u00famenes y texturas.\",\"breadcrumb\":{\"@id\":\"https:\\\/\\\/www.yumihoops.com\\\/yumi-shop\\\/sento\\\/#breadcrumb\"},\"inLanguage\":\"en-GB\",\"potentialAction\":[{\"@type\":\"ReadAction\",\"target\":[\"https:\\\/\\\/www.yumihoops.com\\\/yumi-shop\\\/sento\\\/\"]}]},{\"@type\":\"ImageObject\",\"inLanguage\":\"en-GB\",\"@id\":\"https:\\\/\\\/www.yumihoops.com\\\/yumi-shop\\\/sento\\\/#primaryimage\",\"url\":\"https:\\\/\\\/www.yumihoops.com\\\/wp-content\\\/uploads\\\/2024\\\/09\\\/Sento.jpg\",\"contentUrl\":\"https:\\\/\\\/www.yumihoops.com\\\/wp-content\\\/uploads\\\/2024\\\/09\\\/Sento.jpg\",\"width\":600,\"height\":600},{\"@type\":\"BreadcrumbList\",\"@id\":\"https:\\\/\\\/www.yumihoops.com\\\/yumi-shop\\\/sento\\\/#breadcrumb\",\"itemListElement\":[{\"@type\":\"ListItem\",\"position\":1,\"name\":\"Portada\",\"item\":\"https:\\\/\\\/www.yumihoops.com\\\/\"},{\"@type\":\"ListItem\",\"position\":2,\"name\":\"Productos\",\"item\":\"https:\\\/\\\/www.yumihoops.com\\\/index.php\\\/shop\\\/\"},{\"@type\":\"ListItem\",\"position\":3,\"name\":\"Sento\"}]},{\"@type\":\"WebSite\",\"@id\":\"https:\\\/\\\/www.yumihoops.com\\\/#website\",\"url\":\"https:\\\/\\\/www.yumihoops.com\\\/\",\"name\":\"Yumi Hoops\",\"description\":\"Bordados, libros, kits...\",\"publisher\":{\"@id\":\"https:\\\/\\\/www.yumihoops.com\\\/#organization\"},\"potentialAction\":[{\"@type\":\"SearchAction\",\"target\":{\"@type\":\"EntryPoint\",\"urlTemplate\":\"https:\\\/\\\/www.yumihoops.com\\\/?s={search_term_string}\"},\"query-input\":{\"@type\":\"PropertyValueSpecification\",\"valueRequired\":true,\"valueName\":\"search_term_string\"}}],\"inLanguage\":\"en-GB\"},{\"@type\":\"Organization\",\"@id\":\"https:\\\/\\\/www.yumihoops.com\\\/#organization\",\"name\":\"Yumi Hoops\",\"url\":\"https:\\\/\\\/www.yumihoops.com\\\/\",\"logo\":{\"@type\":\"ImageObject\",\"inLanguage\":\"en-GB\",\"@id\":\"https:\\\/\\\/www.yumihoops.com\\\/#\\\/schema\\\/logo\\\/image\\\/\",\"url\":\"https:\\\/\\\/www.yumihoops.com\\\/wp-content\\\/uploads\\\/2024\\\/05\\\/Logo-Yumi-Hoops-Rosa-y-Lila-e1716821195280.png\",\"contentUrl\":\"https:\\\/\\\/www.yumihoops.com\\\/wp-content\\\/uploads\\\/2024\\\/05\\\/Logo-Yumi-Hoops-Rosa-y-Lila-e1716821195280.png\",\"width\":600,\"height\":394,\"caption\":\"Yumi Hoops\"},\"image\":{\"@id\":\"https:\\\/\\\/www.yumihoops.com\\\/#\\\/schema\\\/logo\\\/image\\\/\"},\"sameAs\":[\"https:\\\/\\\/www.instagram.com\\\/yumi_hoops\\\/\"]}]}<\/script>\n<!-- \/ Yoast SEO plugin. -->","yoast_head_json":{"title":"Sento - Yumi Hoops","description":"\u00bfSabes qu\u00e9 es un Sento? Los Sento son ba\u00f1os p\u00fablicos, no son lo mismo que los osen, que son ba\u00f1os termales. Bordado con diferentes vol\u00famenes y texturas.","robots":{"index":"index","follow":"follow","max-snippet":"max-snippet:-1","max-image-preview":"max-image-preview:large","max-video-preview":"max-video-preview:-1"},"canonical":"https:\/\/www.yumihoops.com\/en\/yumi-shop\/sento\/","og_locale":"en_GB","og_type":"article","og_title":"Bordado SENTO - Yumi Hoops","og_description":"\u00bfSabes qu\u00e9 es un Sento? Los Sento son ba\u00f1os p\u00fablicos, no son lo mismo que los osen, que son ba\u00f1os termales. Es un bordado con diferentes vol\u00famenes y texturas, donde he empleado diferentes t\u00e9cnicas de bordado.","og_url":"https:\/\/www.yumihoops.com\/en\/yumi-shop\/sento\/","og_site_name":"Yumi Hoops","article_modified_time":"2025-06-22T10:48:45+00:00","og_image":[{"width":600,"height":600,"url":"https:\/\/www.yumihoops.com\/wp-content\/uploads\/2024\/09\/Sento.jpg","type":"image\/jpeg"}],"twitter_card":"summary_large_image","twitter_title":"Bordado SENTO - Yumi Hoops","twitter_description":"\u00bfSabes qu\u00e9 es un Sento? Los Sento son ba\u00f1os p\u00fablicos, no son lo mismo que los osen, que son ba\u00f1os termales. Es un bordado con diferentes vol\u00famenes y texturas, donde he empleado diferentes t\u00e9cnicas de bordado.","twitter_image":"https:\/\/www.yumihoops.com\/wp-content\/uploads\/2024\/09\/Sento.jpg","twitter_misc":{"Estimated reading time":"1 minute"},"schema":{"@context":"https:\/\/schema.org","@graph":[{"@type":"WebPage","@id":"https:\/\/www.yumihoops.com\/yumi-shop\/sento\/","url":"https:\/\/www.yumihoops.com\/yumi-shop\/sento\/","name":"Sento - Yumi Hoops","isPartOf":{"@id":"https:\/\/www.yumihoops.com\/#website"},"primaryImageOfPage":{"@id":"https:\/\/www.yumihoops.com\/yumi-shop\/sento\/#primaryimage"},"image":{"@id":"https:\/\/www.yumihoops.com\/yumi-shop\/sento\/#primaryimage"},"thumbnailUrl":"https:\/\/www.yumihoops.com\/wp-content\/uploads\/2024\/09\/Sento.jpg","datePublished":"2024-09-27T15:46:12+00:00","dateModified":"2025-06-22T10:48:45+00:00","description":"\u00bfSabes qu\u00e9 es un Sento? Los Sento son ba\u00f1os p\u00fablicos, no son lo mismo que los osen, que son ba\u00f1os termales. Bordado con diferentes vol\u00famenes y texturas.","breadcrumb":{"@id":"https:\/\/www.yumihoops.com\/yumi-shop\/sento\/#breadcrumb"},"inLanguage":"en-GB","potentialAction":[{"@type":"ReadAction","target":["https:\/\/www.yumihoops.com\/yumi-shop\/sento\/"]}]},{"@type":"ImageObject","inLanguage":"en-GB","@id":"https:\/\/www.yumihoops.com\/yumi-shop\/sento\/#primaryimage","url":"https:\/\/www.yumihoops.com\/wp-content\/uploads\/2024\/09\/Sento.jpg","contentUrl":"https:\/\/www.yumihoops.com\/wp-content\/uploads\/2024\/09\/Sento.jpg","width":600,"height":600},{"@type":"BreadcrumbList","@id":"https:\/\/www.yumihoops.com\/yumi-shop\/sento\/#breadcrumb","itemListElement":[{"@type":"ListItem","position":1,"name":"Portada","item":"https:\/\/www.yumihoops.com\/"},{"@type":"ListItem","position":2,"name":"Productos","item":"https:\/\/www.yumihoops.com\/index.php\/shop\/"},{"@type":"ListItem","position":3,"name":"Sento"}]},{"@type":"WebSite","@id":"https:\/\/www.yumihoops.com\/#website","url":"https:\/\/www.yumihoops.com\/","name":"Yumi Hoops","description":"Bordados, libros, kits...","publisher":{"@id":"https:\/\/www.yumihoops.com\/#organization"},"potentialAction":[{"@type":"SearchAction","target":{"@type":"EntryPoint","urlTemplate":"https:\/\/www.yumihoops.com\/?s={search_term_string}"},"query-input":{"@type":"PropertyValueSpecification","valueRequired":true,"valueName":"search_term_string"}}],"inLanguage":"en-GB"},{"@type":"Organization","@id":"https:\/\/www.yumihoops.com\/#organization","name":"Yumi Hoops","url":"https:\/\/www.yumihoops.com\/","logo":{"@type":"ImageObject","inLanguage":"en-GB","@id":"https:\/\/www.yumihoops.com\/#\/schema\/logo\/image\/","url":"https:\/\/www.yumihoops.com\/wp-content\/uploads\/2024\/05\/Logo-Yumi-Hoops-Rosa-y-Lila-e1716821195280.png","contentUrl":"https:\/\/www.yumihoops.com\/wp-content\/uploads\/2024\/05\/Logo-Yumi-Hoops-Rosa-y-Lila-e1716821195280.png","width":600,"height":394,"caption":"Yumi Hoops"},"image":{"@id":"https:\/\/www.yumihoops.com\/#\/schema\/logo\/image\/"},"sameAs":["https:\/\/www.instagram.com\/yumi_hoops\/"]}]}},"_links":{"self":[{"href":"https:\/\/www.yumihoops.com\/en\/wp-json\/wp\/v2\/product\/3077","targetHints":{"allow":["GET"]}}],"collection":[{"href":"https:\/\/www.yumihoops.com\/en\/wp-json\/wp\/v2\/product"}],"about":[{"href":"https:\/\/www.yumihoops.com\/en\/wp-json\/wp\/v2\/types\/product"}],"wp:featuredmedia":[{"embeddable":true,"href":"https:\/\/www.yumihoops.com\/en\/wp-json\/wp\/v2\/media\/3094"}],"wp:attachment":[{"href":"https:\/\/www.yumihoops.com\/en\/wp-json\/wp\/v2\/media?parent=3077"}],"wp:term":[{"taxonomy":"product_brand","embeddable":true,"href":"https:\/\/www.yumihoops.com\/en\/wp-json\/wp\/v2\/product_brand?post=3077"},{"taxonomy":"product_cat","embeddable":true,"href":"https:\/\/www.yumihoops.com\/en\/wp-json\/wp\/v2\/product_cat?post=3077"},{"taxonomy":"product_tag","embeddable":true,"href":"https:\/\/www.yumihoops.com\/en\/wp-json\/wp\/v2\/product_tag?post=3077"}],"curies":[{"name":"wp","href":"https:\/\/api.w.org\/{rel}","templated":true}]}}