{"id":2234,"date":"2024-09-09T15:38:11","date_gmt":"2024-09-09T15:38:11","guid":{"rendered":"https:\/\/www.yumihoops.com\/?post_type=product&#038;p=2234"},"modified":"2025-07-01T10:21:01","modified_gmt":"2025-07-01T08:21:01","slug":"bobinas-rosas","status":"publish","type":"product","link":"https:\/\/www.yumihoops.com\/en\/yumi-shop\/bobinas-rosas\/","title":{"rendered":"Bobinas Rosas Pack 10uds."},"content":{"rendered":"<p>Beautiful bobbins with pink glitter, perfect for storing your threads neatly.<\/p>\n<p>They are very durable, so you can use them over and over again for different projects.<\/p>\n<p>There is room on the spools to add your own stickers\/labels to color code and quickly identify your threads.<\/p>\n<p>Available in sets of 10.<\/p>\n<p>Each bobbin measures approximately 4x4 cm.<\/p>","protected":false},"excerpt":{"rendered":"<p>Beautiful bobbins with pink glitter, perfect for storing your threads neatly.<\/p>\n<p>They are very durable, so you can use them over and over again for different projects.<\/p>\n<p>There is room on the spools to add your own stickers\/labels to color code and quickly identify your threads.<\/p>\n<p>Available in sets of 10.<\/p>\n<p>Each bobbin measures approximately 4x4 cm.<\/p>","protected":false},"featured_media":2235,"template":"","meta":{"_monsterinsights_skip_tracking":false,"_monsterinsights_sitenote_active":false,"_monsterinsights_sitenote_note":"","_monsterinsights_sitenote_category":0,"site-sidebar-layout":"default","site-content-layout":"","ast-site-content-layout":"default","site-content-style":"default","site-sidebar-style":"default","ast-global-header-display":"","ast-banner-title-visibility":"","ast-main-header-display":"","ast-hfb-above-header-display":"","ast-hfb-below-header-display":"","ast-hfb-mobile-header-display":"","site-post-title":"","ast-breadcrumbs-content":"","ast-featured-img":"","footer-sml-layout":"","ast-disable-related-posts":"","theme-transparent-header-meta":"default","adv-header-id-meta":"","stick-header-meta":"","header-above-stick-meta":"","header-main-stick-meta":"","header-below-stick-meta":"","astra-migrate-meta-layouts":"set","ast-page-background-enabled":"default","ast-page-background-meta":{"desktop":{"background-color":"var(--ast-global-color-4)","background-image":"","background-repeat":"repeat","background-position":"center center","background-size":"auto","background-attachment":"scroll","background-type":"","background-media":"","overlay-type":"","overlay-color":"","overlay-opacity":"","overlay-gradient":""},"tablet":{"background-color":"","background-image":"","background-repeat":"repeat","background-position":"center center","background-size":"auto","background-attachment":"scroll","background-type":"","background-media":"","overlay-type":"","overlay-color":"","overlay-opacity":"","overlay-gradient":""},"mobile":{"background-color":"","background-image":"","background-repeat":"repeat","background-position":"center center","background-size":"auto","background-attachment":"scroll","background-type":"","background-media":"","overlay-type":"","overlay-color":"","overlay-opacity":"","overlay-gradient":""}},"ast-content-background-meta":{"desktop":{"background-color":"var(--ast-global-color-5)","background-image":"","background-repeat":"repeat","background-position":"center center","background-size":"auto","background-attachment":"scroll","background-type":"","background-media":"","overlay-type":"","overlay-color":"","overlay-opacity":"","overlay-gradient":""},"tablet":{"background-color":"var(--ast-global-color-5)","background-image":"","background-repeat":"repeat","background-position":"center center","background-size":"auto","background-attachment":"scroll","background-type":"","background-media":"","overlay-type":"","overlay-color":"","overlay-opacity":"","overlay-gradient":""},"mobile":{"background-color":"var(--ast-global-color-5)","background-image":"","background-repeat":"repeat","background-position":"center center","background-size":"auto","background-attachment":"scroll","background-type":"","background-media":"","overlay-type":"","overlay-color":"","overlay-opacity":"","overlay-gradient":""}}},"product_brand":[],"product_cat":[25],"product_tag":[56,55,47],"class_list":{"0":"post-2234","1":"product","2":"type-product","3":"status-publish","4":"has-post-thumbnail","6":"product_cat-accesorios-de-bordado","7":"product_tag-bobinas","8":"product_tag-bobinas-rosas-purpurina","9":"product_tag-hilos","10":"desktop-align-left","11":"tablet-align-left","12":"mobile-align-left","14":"first","15":"instock","16":"shipping-taxable","17":"purchasable","18":"product-type-simple","19":"add-to-wishlist-after_add_to_cart"},"yoast_head":"<!-- This site is optimized with the Yoast SEO plugin v27.4 - https:\/\/yoast.com\/product\/yoast-seo-wordpress\/ -->\n<title>Bobinas Rosas Pack 10uds. - Yumi Hoops<\/title>\n<meta name=\"description\" content=\"Preciosas Bobinas de color Rosa con Purpurina, perfectas para guardar tus hilos. Son muy resistentes para reutilizar en diferentes proyectos.\" \/>\n<meta name=\"robots\" content=\"index, follow, max-snippet:-1, max-image-preview:large, max-video-preview:-1\" \/>\n<link rel=\"canonical\" href=\"https:\/\/www.yumihoops.com\/en\/yumi-shop\/bobinas-rosas\/\" \/>\n<meta property=\"og:locale\" content=\"en_GB\" \/>\n<meta property=\"og:type\" content=\"article\" \/>\n<meta property=\"og:title\" content=\"Bobinas Rosas con Purpurina para Hilos - Pack 10uds.\" \/>\n<meta property=\"og:description\" content=\"Est\u00e1 dise\u00f1ado para bocetear la idea y al lado la cuadricula para apuntar la marca de hilo, cuantas hebras y la numeraci\u00f3n. Es perfecto para mantener el orden. Se regala con pedidos superiores a 50\u20ac.Preciosas Bobinas de color Rosa con Purpurina, perfectas para guardar tus hilos. Son muy resistentes para reutilizar en diferentes proyectos.\" \/>\n<meta property=\"og:url\" content=\"https:\/\/www.yumihoops.com\/en\/yumi-shop\/bobinas-rosas\/\" \/>\n<meta property=\"og:site_name\" content=\"Yumi Hoops\" \/>\n<meta property=\"article:modified_time\" content=\"2025-07-01T08:21:01+00:00\" \/>\n<meta property=\"og:image\" content=\"https:\/\/www.yumihoops.com\/wp-content\/uploads\/2024\/09\/Bobina-Rosas-Purpurina-1-e1733435270747.jpg\" \/>\n\t<meta property=\"og:image:width\" content=\"650\" \/>\n\t<meta property=\"og:image:height\" content=\"433\" \/>\n\t<meta property=\"og:image:type\" content=\"image\/jpeg\" \/>\n<meta name=\"twitter:card\" content=\"summary_large_image\" \/>\n<meta name=\"twitter:title\" content=\"Bobinas Rosas con Purpurina para Hilos - Pack 10uds.\" \/>\n<meta name=\"twitter:description\" content=\"Est\u00e1 dise\u00f1ado para bocetear la idea y al lado la cuadricula para apuntar la marca de hilo, cuantas hebras y la numeraci\u00f3n. Es perfecto para mantener el orden. Se regala con pedidos superiores a 50\u20ac.Preciosas Bobinas de color Rosa con Purpurina, perfectas para guardar tus hilos. Son muy resistentes para reutilizar en diferentes proyectos.\" \/>\n<meta name=\"twitter:image\" content=\"https:\/\/www.yumihoops.com\/wp-content\/uploads\/2024\/09\/Bobina-Rosas-Purpurina-1-e1733435270747.jpg\" \/>\n<meta name=\"twitter:label1\" content=\"Estimated reading time\" \/>\n\t<meta name=\"twitter:data1\" content=\"1 minute\" \/>\n<script type=\"application\/ld+json\" class=\"yoast-schema-graph\">{\"@context\":\"https:\\\/\\\/schema.org\",\"@graph\":[{\"@type\":\"WebPage\",\"@id\":\"https:\\\/\\\/www.yumihoops.com\\\/yumi-shop\\\/bobinas-rosas\\\/\",\"url\":\"https:\\\/\\\/www.yumihoops.com\\\/yumi-shop\\\/bobinas-rosas\\\/\",\"name\":\"Bobinas Rosas Pack 10uds. - Yumi Hoops\",\"isPartOf\":{\"@id\":\"https:\\\/\\\/www.yumihoops.com\\\/#website\"},\"primaryImageOfPage\":{\"@id\":\"https:\\\/\\\/www.yumihoops.com\\\/yumi-shop\\\/bobinas-rosas\\\/#primaryimage\"},\"image\":{\"@id\":\"https:\\\/\\\/www.yumihoops.com\\\/yumi-shop\\\/bobinas-rosas\\\/#primaryimage\"},\"thumbnailUrl\":\"https:\\\/\\\/www.yumihoops.com\\\/wp-content\\\/uploads\\\/2024\\\/09\\\/Bobina-Rosas-Purpurina.jpg\",\"datePublished\":\"2024-09-09T15:38:11+00:00\",\"dateModified\":\"2025-07-01T08:21:01+00:00\",\"description\":\"Preciosas Bobinas de color Rosa con Purpurina, perfectas para guardar tus hilos. Son muy resistentes para reutilizar en diferentes proyectos.\",\"breadcrumb\":{\"@id\":\"https:\\\/\\\/www.yumihoops.com\\\/yumi-shop\\\/bobinas-rosas\\\/#breadcrumb\"},\"inLanguage\":\"en-GB\",\"potentialAction\":[{\"@type\":\"ReadAction\",\"target\":[\"https:\\\/\\\/www.yumihoops.com\\\/yumi-shop\\\/bobinas-rosas\\\/\"]}]},{\"@type\":\"ImageObject\",\"inLanguage\":\"en-GB\",\"@id\":\"https:\\\/\\\/www.yumihoops.com\\\/yumi-shop\\\/bobinas-rosas\\\/#primaryimage\",\"url\":\"https:\\\/\\\/www.yumihoops.com\\\/wp-content\\\/uploads\\\/2024\\\/09\\\/Bobina-Rosas-Purpurina.jpg\",\"contentUrl\":\"https:\\\/\\\/www.yumihoops.com\\\/wp-content\\\/uploads\\\/2024\\\/09\\\/Bobina-Rosas-Purpurina.jpg\",\"width\":600,\"height\":600},{\"@type\":\"BreadcrumbList\",\"@id\":\"https:\\\/\\\/www.yumihoops.com\\\/yumi-shop\\\/bobinas-rosas\\\/#breadcrumb\",\"itemListElement\":[{\"@type\":\"ListItem\",\"position\":1,\"name\":\"Portada\",\"item\":\"https:\\\/\\\/www.yumihoops.com\\\/\"},{\"@type\":\"ListItem\",\"position\":2,\"name\":\"Productos\",\"item\":\"https:\\\/\\\/www.yumihoops.com\\\/index.php\\\/shop\\\/\"},{\"@type\":\"ListItem\",\"position\":3,\"name\":\"Bobinas Rosas Pack 10uds.\"}]},{\"@type\":\"WebSite\",\"@id\":\"https:\\\/\\\/www.yumihoops.com\\\/#website\",\"url\":\"https:\\\/\\\/www.yumihoops.com\\\/\",\"name\":\"Yumi Hoops\",\"description\":\"Bordados, libros, kits...\",\"publisher\":{\"@id\":\"https:\\\/\\\/www.yumihoops.com\\\/#organization\"},\"potentialAction\":[{\"@type\":\"SearchAction\",\"target\":{\"@type\":\"EntryPoint\",\"urlTemplate\":\"https:\\\/\\\/www.yumihoops.com\\\/?s={search_term_string}\"},\"query-input\":{\"@type\":\"PropertyValueSpecification\",\"valueRequired\":true,\"valueName\":\"search_term_string\"}}],\"inLanguage\":\"en-GB\"},{\"@type\":\"Organization\",\"@id\":\"https:\\\/\\\/www.yumihoops.com\\\/#organization\",\"name\":\"Yumi Hoops\",\"url\":\"https:\\\/\\\/www.yumihoops.com\\\/\",\"logo\":{\"@type\":\"ImageObject\",\"inLanguage\":\"en-GB\",\"@id\":\"https:\\\/\\\/www.yumihoops.com\\\/#\\\/schema\\\/logo\\\/image\\\/\",\"url\":\"https:\\\/\\\/www.yumihoops.com\\\/wp-content\\\/uploads\\\/2024\\\/05\\\/Logo-Yumi-Hoops-Rosa-y-Lila-e1716821195280.png\",\"contentUrl\":\"https:\\\/\\\/www.yumihoops.com\\\/wp-content\\\/uploads\\\/2024\\\/05\\\/Logo-Yumi-Hoops-Rosa-y-Lila-e1716821195280.png\",\"width\":600,\"height\":394,\"caption\":\"Yumi Hoops\"},\"image\":{\"@id\":\"https:\\\/\\\/www.yumihoops.com\\\/#\\\/schema\\\/logo\\\/image\\\/\"},\"sameAs\":[\"https:\\\/\\\/www.instagram.com\\\/yumi_hoops\\\/\"]}]}<\/script>\n<!-- \/ Yoast SEO plugin. -->","yoast_head_json":{"title":"Bobinas Rosas Pack 10uds. - Yumi Hoops","description":"Preciosas Bobinas de color Rosa con Purpurina, perfectas para guardar tus hilos. Son muy resistentes para reutilizar en diferentes proyectos.","robots":{"index":"index","follow":"follow","max-snippet":"max-snippet:-1","max-image-preview":"max-image-preview:large","max-video-preview":"max-video-preview:-1"},"canonical":"https:\/\/www.yumihoops.com\/en\/yumi-shop\/bobinas-rosas\/","og_locale":"en_GB","og_type":"article","og_title":"Bobinas Rosas con Purpurina para Hilos - Pack 10uds.","og_description":"Est\u00e1 dise\u00f1ado para bocetear la idea y al lado la cuadricula para apuntar la marca de hilo, cuantas hebras y la numeraci\u00f3n. Es perfecto para mantener el orden. Se regala con pedidos superiores a 50\u20ac.Preciosas Bobinas de color Rosa con Purpurina, perfectas para guardar tus hilos. Son muy resistentes para reutilizar en diferentes proyectos.","og_url":"https:\/\/www.yumihoops.com\/en\/yumi-shop\/bobinas-rosas\/","og_site_name":"Yumi Hoops","article_modified_time":"2025-07-01T08:21:01+00:00","og_image":[{"width":650,"height":433,"url":"https:\/\/www.yumihoops.com\/wp-content\/uploads\/2024\/09\/Bobina-Rosas-Purpurina-1-e1733435270747.jpg","type":"image\/jpeg"}],"twitter_card":"summary_large_image","twitter_title":"Bobinas Rosas con Purpurina para Hilos - Pack 10uds.","twitter_description":"Est\u00e1 dise\u00f1ado para bocetear la idea y al lado la cuadricula para apuntar la marca de hilo, cuantas hebras y la numeraci\u00f3n. Es perfecto para mantener el orden. Se regala con pedidos superiores a 50\u20ac.Preciosas Bobinas de color Rosa con Purpurina, perfectas para guardar tus hilos. Son muy resistentes para reutilizar en diferentes proyectos.","twitter_image":"https:\/\/www.yumihoops.com\/wp-content\/uploads\/2024\/09\/Bobina-Rosas-Purpurina-1-e1733435270747.jpg","twitter_misc":{"Estimated reading time":"1 minute"},"schema":{"@context":"https:\/\/schema.org","@graph":[{"@type":"WebPage","@id":"https:\/\/www.yumihoops.com\/yumi-shop\/bobinas-rosas\/","url":"https:\/\/www.yumihoops.com\/yumi-shop\/bobinas-rosas\/","name":"Bobinas Rosas Pack 10uds. - Yumi Hoops","isPartOf":{"@id":"https:\/\/www.yumihoops.com\/#website"},"primaryImageOfPage":{"@id":"https:\/\/www.yumihoops.com\/yumi-shop\/bobinas-rosas\/#primaryimage"},"image":{"@id":"https:\/\/www.yumihoops.com\/yumi-shop\/bobinas-rosas\/#primaryimage"},"thumbnailUrl":"https:\/\/www.yumihoops.com\/wp-content\/uploads\/2024\/09\/Bobina-Rosas-Purpurina.jpg","datePublished":"2024-09-09T15:38:11+00:00","dateModified":"2025-07-01T08:21:01+00:00","description":"Preciosas Bobinas de color Rosa con Purpurina, perfectas para guardar tus hilos. Son muy resistentes para reutilizar en diferentes proyectos.","breadcrumb":{"@id":"https:\/\/www.yumihoops.com\/yumi-shop\/bobinas-rosas\/#breadcrumb"},"inLanguage":"en-GB","potentialAction":[{"@type":"ReadAction","target":["https:\/\/www.yumihoops.com\/yumi-shop\/bobinas-rosas\/"]}]},{"@type":"ImageObject","inLanguage":"en-GB","@id":"https:\/\/www.yumihoops.com\/yumi-shop\/bobinas-rosas\/#primaryimage","url":"https:\/\/www.yumihoops.com\/wp-content\/uploads\/2024\/09\/Bobina-Rosas-Purpurina.jpg","contentUrl":"https:\/\/www.yumihoops.com\/wp-content\/uploads\/2024\/09\/Bobina-Rosas-Purpurina.jpg","width":600,"height":600},{"@type":"BreadcrumbList","@id":"https:\/\/www.yumihoops.com\/yumi-shop\/bobinas-rosas\/#breadcrumb","itemListElement":[{"@type":"ListItem","position":1,"name":"Portada","item":"https:\/\/www.yumihoops.com\/"},{"@type":"ListItem","position":2,"name":"Productos","item":"https:\/\/www.yumihoops.com\/index.php\/shop\/"},{"@type":"ListItem","position":3,"name":"Bobinas Rosas Pack 10uds."}]},{"@type":"WebSite","@id":"https:\/\/www.yumihoops.com\/#website","url":"https:\/\/www.yumihoops.com\/","name":"Yumi Hoops","description":"Bordados, libros, kits...","publisher":{"@id":"https:\/\/www.yumihoops.com\/#organization"},"potentialAction":[{"@type":"SearchAction","target":{"@type":"EntryPoint","urlTemplate":"https:\/\/www.yumihoops.com\/?s={search_term_string}"},"query-input":{"@type":"PropertyValueSpecification","valueRequired":true,"valueName":"search_term_string"}}],"inLanguage":"en-GB"},{"@type":"Organization","@id":"https:\/\/www.yumihoops.com\/#organization","name":"Yumi Hoops","url":"https:\/\/www.yumihoops.com\/","logo":{"@type":"ImageObject","inLanguage":"en-GB","@id":"https:\/\/www.yumihoops.com\/#\/schema\/logo\/image\/","url":"https:\/\/www.yumihoops.com\/wp-content\/uploads\/2024\/05\/Logo-Yumi-Hoops-Rosa-y-Lila-e1716821195280.png","contentUrl":"https:\/\/www.yumihoops.com\/wp-content\/uploads\/2024\/05\/Logo-Yumi-Hoops-Rosa-y-Lila-e1716821195280.png","width":600,"height":394,"caption":"Yumi Hoops"},"image":{"@id":"https:\/\/www.yumihoops.com\/#\/schema\/logo\/image\/"},"sameAs":["https:\/\/www.instagram.com\/yumi_hoops\/"]}]}},"_links":{"self":[{"href":"https:\/\/www.yumihoops.com\/en\/wp-json\/wp\/v2\/product\/2234","targetHints":{"allow":["GET"]}}],"collection":[{"href":"https:\/\/www.yumihoops.com\/en\/wp-json\/wp\/v2\/product"}],"about":[{"href":"https:\/\/www.yumihoops.com\/en\/wp-json\/wp\/v2\/types\/product"}],"wp:featuredmedia":[{"embeddable":true,"href":"https:\/\/www.yumihoops.com\/en\/wp-json\/wp\/v2\/media\/2235"}],"wp:attachment":[{"href":"https:\/\/www.yumihoops.com\/en\/wp-json\/wp\/v2\/media?parent=2234"}],"wp:term":[{"taxonomy":"product_brand","embeddable":true,"href":"https:\/\/www.yumihoops.com\/en\/wp-json\/wp\/v2\/product_brand?post=2234"},{"taxonomy":"product_cat","embeddable":true,"href":"https:\/\/www.yumihoops.com\/en\/wp-json\/wp\/v2\/product_cat?post=2234"},{"taxonomy":"product_tag","embeddable":true,"href":"https:\/\/www.yumihoops.com\/en\/wp-json\/wp\/v2\/product_tag?post=2234"}],"curies":[{"name":"wp","href":"https:\/\/api.w.org\/{rel}","templated":true}]}}