{"id":2205,"date":"2024-09-09T14:41:53","date_gmt":"2024-09-09T14:41:53","guid":{"rendered":"https:\/\/www.yumihoops.com\/?post_type=product&#038;p=2205"},"modified":"2026-03-10T23:53:27","modified_gmt":"2026-03-10T22:53:27","slug":"knot-balm","status":"publish","type":"product","link":"https:\/\/www.yumihoops.com\/en\/yumi-shop\/knot-balm\/","title":{"rendered":"Knot Balm"},"content":{"rendered":"<p>Our vanilla chai scented embroidery thread conditioner is perfect for your embroidery, helping your thread and making it glide effortlessly across the fabric.<\/p>\n<p>The thread conditioner gently coats the thread, reducing tangling and fraying. It's great to use with metallic threads which can be difficult to sew with because they tangle and fray so easily.<\/p>\n<p>Soy wax is colorless and won't discolor floss or fabric and can be easily removed with warm water and a mild detergent. (Make sure to use quality colorfast threads before washing.)<\/p>\n<p><strong>How to use<\/strong><\/p>\n<p>Place the thread on top of the wax, cover it with your thumb and apply gentle pressure and slide the thread.<\/p>\n<p>Repeat this action so that the thread is lightly covered in wax.\nRun the thread through your fingers a couple of times to smooth out the wax and remove any excess.<\/p>","protected":false},"excerpt":{"rendered":"<p>Our vanilla chai scented embroidery thread conditioner is perfect for your embroidery, helping your thread and making it glide effortlessly across the fabric.<\/p>\n<p>The thread conditioner gently coats the thread, reducing tangling and fraying. It's great to use with metallic threads which can be difficult to sew with because they tangle and fray so easily.<\/p>\n<p>Soy wax is colorless and won't discolor floss or fabric and can be easily removed with warm water and a mild detergent. (Make sure to use quality colorfast threads before washing.)<\/p>\n<p><strong>How to use<\/strong><\/p>\n<p>Place the thread on top of the wax, cover it with your thumb and apply gentle pressure and slide the thread.<\/p>\n<p>Repeat this action so that the thread is lightly covered in wax.\nRun the thread through your fingers a couple of times to smooth out the wax and remove any excess.<\/p>","protected":false},"featured_media":2206,"template":"","meta":{"_monsterinsights_skip_tracking":false,"_monsterinsights_sitenote_active":false,"_monsterinsights_sitenote_note":"","_monsterinsights_sitenote_category":0,"site-sidebar-layout":"default","site-content-layout":"","ast-site-content-layout":"default","site-content-style":"default","site-sidebar-style":"default","ast-global-header-display":"","ast-banner-title-visibility":"","ast-main-header-display":"","ast-hfb-above-header-display":"","ast-hfb-below-header-display":"","ast-hfb-mobile-header-display":"","site-post-title":"","ast-breadcrumbs-content":"","ast-featured-img":"","footer-sml-layout":"","ast-disable-related-posts":"","theme-transparent-header-meta":"default","adv-header-id-meta":"","stick-header-meta":"","header-above-stick-meta":"","header-main-stick-meta":"","header-below-stick-meta":"","astra-migrate-meta-layouts":"set","ast-page-background-enabled":"default","ast-page-background-meta":{"desktop":{"background-color":"var(--ast-global-color-4)","background-image":"","background-repeat":"repeat","background-position":"center center","background-size":"auto","background-attachment":"scroll","background-type":"","background-media":"","overlay-type":"","overlay-color":"","overlay-opacity":"","overlay-gradient":""},"tablet":{"background-color":"","background-image":"","background-repeat":"repeat","background-position":"center center","background-size":"auto","background-attachment":"scroll","background-type":"","background-media":"","overlay-type":"","overlay-color":"","overlay-opacity":"","overlay-gradient":""},"mobile":{"background-color":"","background-image":"","background-repeat":"repeat","background-position":"center center","background-size":"auto","background-attachment":"scroll","background-type":"","background-media":"","overlay-type":"","overlay-color":"","overlay-opacity":"","overlay-gradient":""}},"ast-content-background-meta":{"desktop":{"background-color":"var(--ast-global-color-5)","background-image":"","background-repeat":"repeat","background-position":"center center","background-size":"auto","background-attachment":"scroll","background-type":"","background-media":"","overlay-type":"","overlay-color":"","overlay-opacity":"","overlay-gradient":""},"tablet":{"background-color":"var(--ast-global-color-5)","background-image":"","background-repeat":"repeat","background-position":"center center","background-size":"auto","background-attachment":"scroll","background-type":"","background-media":"","overlay-type":"","overlay-color":"","overlay-opacity":"","overlay-gradient":""},"mobile":{"background-color":"var(--ast-global-color-5)","background-image":"","background-repeat":"repeat","background-position":"center center","background-size":"auto","background-attachment":"scroll","background-type":"","background-media":"","overlay-type":"","overlay-color":"","overlay-opacity":"","overlay-gradient":""}}},"product_brand":[],"product_cat":[25],"product_tag":[50,51,47,30,29,49],"class_list":{"0":"post-2205","1":"product","2":"type-product","3":"status-publish","4":"has-post-thumbnail","6":"product_cat-accesorios-de-bordado","7":"product_tag-balm","8":"product_tag-chai","9":"product_tag-hilos","10":"product_tag-japan","11":"product_tag-japon","12":"product_tag-knot-balm","13":"desktop-align-left","14":"tablet-align-left","15":"mobile-align-left","17":"first","18":"instock","19":"shipping-taxable","20":"purchasable","21":"product-type-simple","22":"add-to-wishlist-after_add_to_cart"},"yoast_head":"<!-- This site is optimized with the Yoast SEO plugin v27.4 - https:\/\/yoast.com\/product\/yoast-seo-wordpress\/ -->\n<title>Knot Balm - Yumi Hoops<\/title>\n<meta name=\"description\" content=\"Nuestro acondicionador de hilos Knot Balm con aroma a vainilla chai para bordar ayuda a tu hilo, haciendo que se deslice sin esfuerzo.\" \/>\n<meta name=\"robots\" content=\"index, follow, max-snippet:-1, max-image-preview:large, max-video-preview:-1\" \/>\n<link rel=\"canonical\" href=\"https:\/\/www.yumihoops.com\/en\/yumi-shop\/knot-balm\/\" \/>\n<meta property=\"og:locale\" content=\"en_GB\" \/>\n<meta property=\"og:type\" content=\"article\" \/>\n<meta property=\"og:title\" content=\"\u00a1Nuestro acondicionador de hilos Knot Balm con aroma a vainilla chai para bordar es perfecto para tus bordados!\" \/>\n<meta property=\"og:description\" content=\"Ayuda a tu hilo y haciendo que se deslice sin esfuerzo a trav\u00e9s de la tela. El acondicionador de hilos cubre suavemente el hilo, reduciendo los enredos y el deshilachado. Es genial usarlo con hilos met\u00e1licos que pueden ser dif\u00edciles de coser porque se enredan y se deshilachan muy f\u00e1cilmente.\" \/>\n<meta property=\"og:url\" content=\"https:\/\/www.yumihoops.com\/en\/yumi-shop\/knot-balm\/\" \/>\n<meta property=\"og:site_name\" content=\"Yumi Hoops\" \/>\n<meta property=\"article:modified_time\" content=\"2026-03-10T22:53:27+00:00\" \/>\n<meta property=\"og:image\" content=\"https:\/\/www.yumihoops.com\/wp-content\/uploads\/2024\/09\/KNOT-BALM-2-e1733435334301.jpg\" \/>\n\t<meta property=\"og:image:width\" content=\"650\" \/>\n\t<meta property=\"og:image:height\" content=\"433\" \/>\n\t<meta property=\"og:image:type\" content=\"image\/jpeg\" \/>\n<meta name=\"twitter:card\" content=\"summary_large_image\" \/>\n<meta name=\"twitter:title\" content=\"\u00a1Nuestro acondicionador de hilos Knot Balm con aroma a vainilla chai para bordar es perfecto para tus bordados!\" \/>\n<meta name=\"twitter:description\" content=\"Ayuda a tu hilo y haciendo que se deslice sin esfuerzo a trav\u00e9s de la tela. El acondicionador de hilos cubre suavemente el hilo, reduciendo los enredos y el deshilachado. Es genial usarlo con hilos met\u00e1licos que pueden ser dif\u00edciles de coser porque se enredan y se deshilachan muy f\u00e1cilmente.\" \/>\n<meta name=\"twitter:image\" content=\"https:\/\/www.yumihoops.com\/wp-content\/uploads\/2024\/09\/KNOT-BALM-2-e1733435334301.jpg\" \/>\n<meta name=\"twitter:label1\" content=\"Estimated reading time\" \/>\n\t<meta name=\"twitter:data1\" content=\"1 minute\" \/>\n<script type=\"application\/ld+json\" class=\"yoast-schema-graph\">{\"@context\":\"https:\\\/\\\/schema.org\",\"@graph\":[{\"@type\":\"WebPage\",\"@id\":\"https:\\\/\\\/www.yumihoops.com\\\/yumi-shop\\\/knot-balm\\\/\",\"url\":\"https:\\\/\\\/www.yumihoops.com\\\/yumi-shop\\\/knot-balm\\\/\",\"name\":\"Knot Balm - Yumi Hoops\",\"isPartOf\":{\"@id\":\"https:\\\/\\\/www.yumihoops.com\\\/#website\"},\"primaryImageOfPage\":{\"@id\":\"https:\\\/\\\/www.yumihoops.com\\\/yumi-shop\\\/knot-balm\\\/#primaryimage\"},\"image\":{\"@id\":\"https:\\\/\\\/www.yumihoops.com\\\/yumi-shop\\\/knot-balm\\\/#primaryimage\"},\"thumbnailUrl\":\"https:\\\/\\\/www.yumihoops.com\\\/wp-content\\\/uploads\\\/2024\\\/09\\\/KNOT-BALM.jpg\",\"datePublished\":\"2024-09-09T14:41:53+00:00\",\"dateModified\":\"2026-03-10T22:53:27+00:00\",\"description\":\"Nuestro acondicionador de hilos Knot Balm con aroma a vainilla chai para bordar ayuda a tu hilo, haciendo que se deslice sin esfuerzo.\",\"breadcrumb\":{\"@id\":\"https:\\\/\\\/www.yumihoops.com\\\/yumi-shop\\\/knot-balm\\\/#breadcrumb\"},\"inLanguage\":\"en-GB\",\"potentialAction\":[{\"@type\":\"ReadAction\",\"target\":[\"https:\\\/\\\/www.yumihoops.com\\\/yumi-shop\\\/knot-balm\\\/\"]}]},{\"@type\":\"ImageObject\",\"inLanguage\":\"en-GB\",\"@id\":\"https:\\\/\\\/www.yumihoops.com\\\/yumi-shop\\\/knot-balm\\\/#primaryimage\",\"url\":\"https:\\\/\\\/www.yumihoops.com\\\/wp-content\\\/uploads\\\/2024\\\/09\\\/KNOT-BALM.jpg\",\"contentUrl\":\"https:\\\/\\\/www.yumihoops.com\\\/wp-content\\\/uploads\\\/2024\\\/09\\\/KNOT-BALM.jpg\",\"width\":600,\"height\":600},{\"@type\":\"BreadcrumbList\",\"@id\":\"https:\\\/\\\/www.yumihoops.com\\\/yumi-shop\\\/knot-balm\\\/#breadcrumb\",\"itemListElement\":[{\"@type\":\"ListItem\",\"position\":1,\"name\":\"Portada\",\"item\":\"https:\\\/\\\/www.yumihoops.com\\\/\"},{\"@type\":\"ListItem\",\"position\":2,\"name\":\"Productos\",\"item\":\"https:\\\/\\\/www.yumihoops.com\\\/index.php\\\/shop\\\/\"},{\"@type\":\"ListItem\",\"position\":3,\"name\":\"Knot Balm\"}]},{\"@type\":\"WebSite\",\"@id\":\"https:\\\/\\\/www.yumihoops.com\\\/#website\",\"url\":\"https:\\\/\\\/www.yumihoops.com\\\/\",\"name\":\"Yumi Hoops\",\"description\":\"Bordados, libros, kits...\",\"publisher\":{\"@id\":\"https:\\\/\\\/www.yumihoops.com\\\/#organization\"},\"potentialAction\":[{\"@type\":\"SearchAction\",\"target\":{\"@type\":\"EntryPoint\",\"urlTemplate\":\"https:\\\/\\\/www.yumihoops.com\\\/?s={search_term_string}\"},\"query-input\":{\"@type\":\"PropertyValueSpecification\",\"valueRequired\":true,\"valueName\":\"search_term_string\"}}],\"inLanguage\":\"en-GB\"},{\"@type\":\"Organization\",\"@id\":\"https:\\\/\\\/www.yumihoops.com\\\/#organization\",\"name\":\"Yumi Hoops\",\"url\":\"https:\\\/\\\/www.yumihoops.com\\\/\",\"logo\":{\"@type\":\"ImageObject\",\"inLanguage\":\"en-GB\",\"@id\":\"https:\\\/\\\/www.yumihoops.com\\\/#\\\/schema\\\/logo\\\/image\\\/\",\"url\":\"https:\\\/\\\/www.yumihoops.com\\\/wp-content\\\/uploads\\\/2024\\\/05\\\/Logo-Yumi-Hoops-Rosa-y-Lila-e1716821195280.png\",\"contentUrl\":\"https:\\\/\\\/www.yumihoops.com\\\/wp-content\\\/uploads\\\/2024\\\/05\\\/Logo-Yumi-Hoops-Rosa-y-Lila-e1716821195280.png\",\"width\":600,\"height\":394,\"caption\":\"Yumi Hoops\"},\"image\":{\"@id\":\"https:\\\/\\\/www.yumihoops.com\\\/#\\\/schema\\\/logo\\\/image\\\/\"},\"sameAs\":[\"https:\\\/\\\/www.instagram.com\\\/yumi_hoops\\\/\"]}]}<\/script>\n<!-- \/ Yoast SEO plugin. -->","yoast_head_json":{"title":"Knot Balm - Yumi Hoops","description":"Nuestro acondicionador de hilos Knot Balm con aroma a vainilla chai para bordar ayuda a tu hilo, haciendo que se deslice sin esfuerzo.","robots":{"index":"index","follow":"follow","max-snippet":"max-snippet:-1","max-image-preview":"max-image-preview:large","max-video-preview":"max-video-preview:-1"},"canonical":"https:\/\/www.yumihoops.com\/en\/yumi-shop\/knot-balm\/","og_locale":"en_GB","og_type":"article","og_title":"\u00a1Nuestro acondicionador de hilos Knot Balm con aroma a vainilla chai para bordar es perfecto para tus bordados!","og_description":"Ayuda a tu hilo y haciendo que se deslice sin esfuerzo a trav\u00e9s de la tela. El acondicionador de hilos cubre suavemente el hilo, reduciendo los enredos y el deshilachado. Es genial usarlo con hilos met\u00e1licos que pueden ser dif\u00edciles de coser porque se enredan y se deshilachan muy f\u00e1cilmente.","og_url":"https:\/\/www.yumihoops.com\/en\/yumi-shop\/knot-balm\/","og_site_name":"Yumi Hoops","article_modified_time":"2026-03-10T22:53:27+00:00","og_image":[{"width":650,"height":433,"url":"https:\/\/www.yumihoops.com\/wp-content\/uploads\/2024\/09\/KNOT-BALM-2-e1733435334301.jpg","type":"image\/jpeg"}],"twitter_card":"summary_large_image","twitter_title":"\u00a1Nuestro acondicionador de hilos Knot Balm con aroma a vainilla chai para bordar es perfecto para tus bordados!","twitter_description":"Ayuda a tu hilo y haciendo que se deslice sin esfuerzo a trav\u00e9s de la tela. El acondicionador de hilos cubre suavemente el hilo, reduciendo los enredos y el deshilachado. Es genial usarlo con hilos met\u00e1licos que pueden ser dif\u00edciles de coser porque se enredan y se deshilachan muy f\u00e1cilmente.","twitter_image":"https:\/\/www.yumihoops.com\/wp-content\/uploads\/2024\/09\/KNOT-BALM-2-e1733435334301.jpg","twitter_misc":{"Estimated reading time":"1 minute"},"schema":{"@context":"https:\/\/schema.org","@graph":[{"@type":"WebPage","@id":"https:\/\/www.yumihoops.com\/yumi-shop\/knot-balm\/","url":"https:\/\/www.yumihoops.com\/yumi-shop\/knot-balm\/","name":"Knot Balm - Yumi Hoops","isPartOf":{"@id":"https:\/\/www.yumihoops.com\/#website"},"primaryImageOfPage":{"@id":"https:\/\/www.yumihoops.com\/yumi-shop\/knot-balm\/#primaryimage"},"image":{"@id":"https:\/\/www.yumihoops.com\/yumi-shop\/knot-balm\/#primaryimage"},"thumbnailUrl":"https:\/\/www.yumihoops.com\/wp-content\/uploads\/2024\/09\/KNOT-BALM.jpg","datePublished":"2024-09-09T14:41:53+00:00","dateModified":"2026-03-10T22:53:27+00:00","description":"Nuestro acondicionador de hilos Knot Balm con aroma a vainilla chai para bordar ayuda a tu hilo, haciendo que se deslice sin esfuerzo.","breadcrumb":{"@id":"https:\/\/www.yumihoops.com\/yumi-shop\/knot-balm\/#breadcrumb"},"inLanguage":"en-GB","potentialAction":[{"@type":"ReadAction","target":["https:\/\/www.yumihoops.com\/yumi-shop\/knot-balm\/"]}]},{"@type":"ImageObject","inLanguage":"en-GB","@id":"https:\/\/www.yumihoops.com\/yumi-shop\/knot-balm\/#primaryimage","url":"https:\/\/www.yumihoops.com\/wp-content\/uploads\/2024\/09\/KNOT-BALM.jpg","contentUrl":"https:\/\/www.yumihoops.com\/wp-content\/uploads\/2024\/09\/KNOT-BALM.jpg","width":600,"height":600},{"@type":"BreadcrumbList","@id":"https:\/\/www.yumihoops.com\/yumi-shop\/knot-balm\/#breadcrumb","itemListElement":[{"@type":"ListItem","position":1,"name":"Portada","item":"https:\/\/www.yumihoops.com\/"},{"@type":"ListItem","position":2,"name":"Productos","item":"https:\/\/www.yumihoops.com\/index.php\/shop\/"},{"@type":"ListItem","position":3,"name":"Knot Balm"}]},{"@type":"WebSite","@id":"https:\/\/www.yumihoops.com\/#website","url":"https:\/\/www.yumihoops.com\/","name":"Yumi Hoops","description":"Bordados, libros, kits...","publisher":{"@id":"https:\/\/www.yumihoops.com\/#organization"},"potentialAction":[{"@type":"SearchAction","target":{"@type":"EntryPoint","urlTemplate":"https:\/\/www.yumihoops.com\/?s={search_term_string}"},"query-input":{"@type":"PropertyValueSpecification","valueRequired":true,"valueName":"search_term_string"}}],"inLanguage":"en-GB"},{"@type":"Organization","@id":"https:\/\/www.yumihoops.com\/#organization","name":"Yumi Hoops","url":"https:\/\/www.yumihoops.com\/","logo":{"@type":"ImageObject","inLanguage":"en-GB","@id":"https:\/\/www.yumihoops.com\/#\/schema\/logo\/image\/","url":"https:\/\/www.yumihoops.com\/wp-content\/uploads\/2024\/05\/Logo-Yumi-Hoops-Rosa-y-Lila-e1716821195280.png","contentUrl":"https:\/\/www.yumihoops.com\/wp-content\/uploads\/2024\/05\/Logo-Yumi-Hoops-Rosa-y-Lila-e1716821195280.png","width":600,"height":394,"caption":"Yumi Hoops"},"image":{"@id":"https:\/\/www.yumihoops.com\/#\/schema\/logo\/image\/"},"sameAs":["https:\/\/www.instagram.com\/yumi_hoops\/"]}]}},"_links":{"self":[{"href":"https:\/\/www.yumihoops.com\/en\/wp-json\/wp\/v2\/product\/2205","targetHints":{"allow":["GET"]}}],"collection":[{"href":"https:\/\/www.yumihoops.com\/en\/wp-json\/wp\/v2\/product"}],"about":[{"href":"https:\/\/www.yumihoops.com\/en\/wp-json\/wp\/v2\/types\/product"}],"wp:featuredmedia":[{"embeddable":true,"href":"https:\/\/www.yumihoops.com\/en\/wp-json\/wp\/v2\/media\/2206"}],"wp:attachment":[{"href":"https:\/\/www.yumihoops.com\/en\/wp-json\/wp\/v2\/media?parent=2205"}],"wp:term":[{"taxonomy":"product_brand","embeddable":true,"href":"https:\/\/www.yumihoops.com\/en\/wp-json\/wp\/v2\/product_brand?post=2205"},{"taxonomy":"product_cat","embeddable":true,"href":"https:\/\/www.yumihoops.com\/en\/wp-json\/wp\/v2\/product_cat?post=2205"},{"taxonomy":"product_tag","embeddable":true,"href":"https:\/\/www.yumihoops.com\/en\/wp-json\/wp\/v2\/product_tag?post=2205"}],"curies":[{"name":"wp","href":"https:\/\/api.w.org\/{rel}","templated":true}]}}