{"id":2195,"date":"2024-09-09T14:23:52","date_gmt":"2024-09-09T14:23:52","guid":{"rendered":"https:\/\/www.yumihoops.com\/?post_type=product&#038;p=2195"},"modified":"2026-02-11T07:02:28","modified_gmt":"2026-02-11T06:02:28","slug":"organizador-hilos-sobremesa","status":"publish","type":"product","link":"https:\/\/www.yumihoops.com\/en\/yumi-shop\/organizador-hilos-sobremesa\/","title":{"rendered":"Tabletop Thread Organizer"},"content":{"rendered":"<p>Wooden and PLA holder for 9 spools of embroidery thread with needle minder to hold needles and store embroidery scissors or other accessories.<\/p>\n<p>Each piece is unique and handmade, please note that due to the natural properties of wood, each product may have a different grain pattern or color than the image shown.<\/p>\n<p>3 different models.<\/p>\n<p>Any accessories or decorations shown are not included.<\/p>\n<p>&nbsp;<\/p>\n<p>\u2022 Dimensions: approx. 12cm x 17cm x 1.5cm<\/p>","protected":false},"excerpt":{"rendered":"<p>Wooden and PLA holder for 9 spools of embroidery thread with needle minder to hold needles and store embroidery scissors or other accessories.<\/p>\n<p>Each piece is unique and handmade, please note that due to the natural properties of wood, each product may have a different grain pattern or color than the image shown.<\/p>\n<p>3 different models.<\/p>\n<p>Any accessories or decorations shown are not included.<\/p>\n<p>Dimensiones: aprox. 12 cm x 17 cm x 1,5 cm<\/p>","protected":false},"featured_media":2196,"template":"","meta":{"_monsterinsights_skip_tracking":false,"_monsterinsights_sitenote_active":false,"_monsterinsights_sitenote_note":"","_monsterinsights_sitenote_category":0,"site-sidebar-layout":"default","site-content-layout":"","ast-site-content-layout":"default","site-content-style":"default","site-sidebar-style":"default","ast-global-header-display":"","ast-banner-title-visibility":"","ast-main-header-display":"","ast-hfb-above-header-display":"","ast-hfb-below-header-display":"","ast-hfb-mobile-header-display":"","site-post-title":"","ast-breadcrumbs-content":"","ast-featured-img":"","footer-sml-layout":"","ast-disable-related-posts":"","theme-transparent-header-meta":"default","adv-header-id-meta":"","stick-header-meta":"","header-above-stick-meta":"","header-main-stick-meta":"","header-below-stick-meta":"","astra-migrate-meta-layouts":"set","ast-page-background-enabled":"default","ast-page-background-meta":{"desktop":{"background-color":"var(--ast-global-color-4)","background-image":"","background-repeat":"repeat","background-position":"center center","background-size":"auto","background-attachment":"scroll","background-type":"","background-media":"","overlay-type":"","overlay-color":"","overlay-opacity":"","overlay-gradient":""},"tablet":{"background-color":"","background-image":"","background-repeat":"repeat","background-position":"center center","background-size":"auto","background-attachment":"scroll","background-type":"","background-media":"","overlay-type":"","overlay-color":"","overlay-opacity":"","overlay-gradient":""},"mobile":{"background-color":"","background-image":"","background-repeat":"repeat","background-position":"center center","background-size":"auto","background-attachment":"scroll","background-type":"","background-media":"","overlay-type":"","overlay-color":"","overlay-opacity":"","overlay-gradient":""}},"ast-content-background-meta":{"desktop":{"background-color":"var(--ast-global-color-5)","background-image":"","background-repeat":"repeat","background-position":"center center","background-size":"auto","background-attachment":"scroll","background-type":"","background-media":"","overlay-type":"","overlay-color":"","overlay-opacity":"","overlay-gradient":""},"tablet":{"background-color":"var(--ast-global-color-5)","background-image":"","background-repeat":"repeat","background-position":"center center","background-size":"auto","background-attachment":"scroll","background-type":"","background-media":"","overlay-type":"","overlay-color":"","overlay-opacity":"","overlay-gradient":""},"mobile":{"background-color":"var(--ast-global-color-5)","background-image":"","background-repeat":"repeat","background-position":"center center","background-size":"auto","background-attachment":"scroll","background-type":"","background-media":"","overlay-type":"","overlay-color":"","overlay-opacity":"","overlay-gradient":""}}},"product_brand":[],"product_cat":[25],"product_tag":[47,30,29,33,32,46,48],"class_list":{"0":"post-2195","1":"product","2":"type-product","3":"status-publish","4":"has-post-thumbnail","6":"product_cat-accesorios-de-bordado","7":"product_tag-hilos","8":"product_tag-japan","9":"product_tag-japon","10":"product_tag-minder","11":"product_tag-needle","12":"product_tag-organizador","13":"product_tag-sobremesa","14":"desktop-align-left","15":"tablet-align-left","16":"mobile-align-left","18":"first","19":"outofstock","20":"shipping-taxable","21":"purchasable","22":"product-type-variable","23":"has-default-attributes","24":"add-to-wishlist-after_add_to_cart"},"yoast_head":"<!-- This site is optimized with the Yoast SEO plugin v27.4 - https:\/\/yoast.com\/product\/yoast-seo-wordpress\/ -->\n<title>Organizador de Hilos Sobremesa - Yumi Hoops<\/title>\n<meta name=\"description\" content=\"Este Organizador de Hilos Sobremesa es un soporte de madera y PLA para 9 carretes de hilo de bordar con needle minder para sujetar las aguja.\" \/>\n<meta name=\"robots\" content=\"index, follow, max-snippet:-1, max-image-preview:large, max-video-preview:-1\" \/>\n<link rel=\"canonical\" href=\"https:\/\/www.yumihoops.com\/en\/yumi-shop\/organizador-hilos-sobremesa\/\" \/>\n<meta property=\"og:locale\" content=\"en_GB\" \/>\n<meta property=\"og:type\" content=\"article\" \/>\n<meta property=\"og:title\" content=\"\u00a1Este Organizador de Hilos Sobremesa es la mejor manera de tener ordenados tus accesorios de bordado en cada proyecto!\" \/>\n<meta property=\"og:description\" content=\"Este Organizador de Hilos Sobremesa es un soporte de madera y PLA para 9 carretes de hilo de bordar con needle minder para sujetar las agujas y guardar tijeras de bordado u otros accesorios.Cada pieza es \u00fanica y est\u00e1 hecha a mano, ten en cuenta que, debido a las propiedades naturales de la madera, cada producto puede tener un patr\u00f3n de veta diferente o color al de la imagen mostrada.\" \/>\n<meta property=\"og:url\" content=\"https:\/\/www.yumihoops.com\/en\/yumi-shop\/organizador-hilos-sobremesa\/\" \/>\n<meta property=\"og:site_name\" content=\"Yumi Hoops\" \/>\n<meta property=\"article:modified_time\" content=\"2026-02-11T06:02:28+00:00\" \/>\n<meta property=\"og:image\" content=\"https:\/\/www.yumihoops.com\/wp-content\/uploads\/2024\/09\/Bandeja-Organizadora-de-hilos-MINT-1-e1733435365828.jpg\" \/>\n\t<meta property=\"og:image:width\" content=\"650\" \/>\n\t<meta property=\"og:image:height\" content=\"433\" \/>\n\t<meta property=\"og:image:type\" content=\"image\/jpeg\" \/>\n<meta name=\"twitter:card\" content=\"summary_large_image\" \/>\n<meta name=\"twitter:title\" content=\"\u00a1Este Organizador de Hilos Sobremesa es la mejor manera de tener ordenados tus accesorios de bordado en cada proyecto!\" \/>\n<meta name=\"twitter:description\" content=\"Este Organizador de Hilos Sobremesa es un soporte de madera y PLA para 9 carretes de hilo de bordar con needle minder para sujetar las agujas y guardar tijeras de bordado u otros accesorios.Cada pieza es \u00fanica y est\u00e1 hecha a mano, ten en cuenta que, debido a las propiedades naturales de la madera, cada producto puede tener un patr\u00f3n de veta diferente o color al de la imagen mostrada.\" \/>\n<meta name=\"twitter:image\" content=\"https:\/\/www.yumihoops.com\/wp-content\/uploads\/2024\/09\/Bandeja-Organizadora-de-hilos-MINT-1-e1733435365828.jpg\" \/>\n<meta name=\"twitter:label1\" content=\"Estimated reading time\" \/>\n\t<meta name=\"twitter:data1\" content=\"1 minute\" \/>\n<script type=\"application\/ld+json\" class=\"yoast-schema-graph\">{\"@context\":\"https:\\\/\\\/schema.org\",\"@graph\":[{\"@type\":\"WebPage\",\"@id\":\"https:\\\/\\\/www.yumihoops.com\\\/yumi-shop\\\/organizador-hilos-sobremesa\\\/\",\"url\":\"https:\\\/\\\/www.yumihoops.com\\\/yumi-shop\\\/organizador-hilos-sobremesa\\\/\",\"name\":\"Organizador de Hilos Sobremesa - Yumi Hoops\",\"isPartOf\":{\"@id\":\"https:\\\/\\\/www.yumihoops.com\\\/#website\"},\"primaryImageOfPage\":{\"@id\":\"https:\\\/\\\/www.yumihoops.com\\\/yumi-shop\\\/organizador-hilos-sobremesa\\\/#primaryimage\"},\"image\":{\"@id\":\"https:\\\/\\\/www.yumihoops.com\\\/yumi-shop\\\/organizador-hilos-sobremesa\\\/#primaryimage\"},\"thumbnailUrl\":\"https:\\\/\\\/www.yumihoops.com\\\/wp-content\\\/uploads\\\/2024\\\/09\\\/Bandeja-Organizadora-de-hilos-ROSA.jpg\",\"datePublished\":\"2024-09-09T14:23:52+00:00\",\"dateModified\":\"2026-02-11T06:02:28+00:00\",\"description\":\"Este Organizador de Hilos Sobremesa es un soporte de madera y PLA para 9 carretes de hilo de bordar con needle minder para sujetar las aguja.\",\"breadcrumb\":{\"@id\":\"https:\\\/\\\/www.yumihoops.com\\\/yumi-shop\\\/organizador-hilos-sobremesa\\\/#breadcrumb\"},\"inLanguage\":\"en-GB\",\"potentialAction\":[{\"@type\":\"ReadAction\",\"target\":[\"https:\\\/\\\/www.yumihoops.com\\\/yumi-shop\\\/organizador-hilos-sobremesa\\\/\"]}]},{\"@type\":\"ImageObject\",\"inLanguage\":\"en-GB\",\"@id\":\"https:\\\/\\\/www.yumihoops.com\\\/yumi-shop\\\/organizador-hilos-sobremesa\\\/#primaryimage\",\"url\":\"https:\\\/\\\/www.yumihoops.com\\\/wp-content\\\/uploads\\\/2024\\\/09\\\/Bandeja-Organizadora-de-hilos-ROSA.jpg\",\"contentUrl\":\"https:\\\/\\\/www.yumihoops.com\\\/wp-content\\\/uploads\\\/2024\\\/09\\\/Bandeja-Organizadora-de-hilos-ROSA.jpg\",\"width\":600,\"height\":600},{\"@type\":\"BreadcrumbList\",\"@id\":\"https:\\\/\\\/www.yumihoops.com\\\/yumi-shop\\\/organizador-hilos-sobremesa\\\/#breadcrumb\",\"itemListElement\":[{\"@type\":\"ListItem\",\"position\":1,\"name\":\"Portada\",\"item\":\"https:\\\/\\\/www.yumihoops.com\\\/\"},{\"@type\":\"ListItem\",\"position\":2,\"name\":\"Productos\",\"item\":\"https:\\\/\\\/www.yumihoops.com\\\/index.php\\\/shop\\\/\"},{\"@type\":\"ListItem\",\"position\":3,\"name\":\"Organizador de Hilos Sobremesa\"}]},{\"@type\":\"WebSite\",\"@id\":\"https:\\\/\\\/www.yumihoops.com\\\/#website\",\"url\":\"https:\\\/\\\/www.yumihoops.com\\\/\",\"name\":\"Yumi Hoops\",\"description\":\"Bordados, libros, kits...\",\"publisher\":{\"@id\":\"https:\\\/\\\/www.yumihoops.com\\\/#organization\"},\"potentialAction\":[{\"@type\":\"SearchAction\",\"target\":{\"@type\":\"EntryPoint\",\"urlTemplate\":\"https:\\\/\\\/www.yumihoops.com\\\/?s={search_term_string}\"},\"query-input\":{\"@type\":\"PropertyValueSpecification\",\"valueRequired\":true,\"valueName\":\"search_term_string\"}}],\"inLanguage\":\"en-GB\"},{\"@type\":\"Organization\",\"@id\":\"https:\\\/\\\/www.yumihoops.com\\\/#organization\",\"name\":\"Yumi Hoops\",\"url\":\"https:\\\/\\\/www.yumihoops.com\\\/\",\"logo\":{\"@type\":\"ImageObject\",\"inLanguage\":\"en-GB\",\"@id\":\"https:\\\/\\\/www.yumihoops.com\\\/#\\\/schema\\\/logo\\\/image\\\/\",\"url\":\"https:\\\/\\\/www.yumihoops.com\\\/wp-content\\\/uploads\\\/2024\\\/05\\\/Logo-Yumi-Hoops-Rosa-y-Lila-e1716821195280.png\",\"contentUrl\":\"https:\\\/\\\/www.yumihoops.com\\\/wp-content\\\/uploads\\\/2024\\\/05\\\/Logo-Yumi-Hoops-Rosa-y-Lila-e1716821195280.png\",\"width\":600,\"height\":394,\"caption\":\"Yumi Hoops\"},\"image\":{\"@id\":\"https:\\\/\\\/www.yumihoops.com\\\/#\\\/schema\\\/logo\\\/image\\\/\"},\"sameAs\":[\"https:\\\/\\\/www.instagram.com\\\/yumi_hoops\\\/\"]}]}<\/script>\n<!-- \/ Yoast SEO plugin. -->","yoast_head_json":{"title":"Organizador de Hilos Sobremesa - Yumi Hoops","description":"Este Organizador de Hilos Sobremesa es un soporte de madera y PLA para 9 carretes de hilo de bordar con needle minder para sujetar las aguja.","robots":{"index":"index","follow":"follow","max-snippet":"max-snippet:-1","max-image-preview":"max-image-preview:large","max-video-preview":"max-video-preview:-1"},"canonical":"https:\/\/www.yumihoops.com\/en\/yumi-shop\/organizador-hilos-sobremesa\/","og_locale":"en_GB","og_type":"article","og_title":"\u00a1Este Organizador de Hilos Sobremesa es la mejor manera de tener ordenados tus accesorios de bordado en cada proyecto!","og_description":"Este Organizador de Hilos Sobremesa es un soporte de madera y PLA para 9 carretes de hilo de bordar con needle minder para sujetar las agujas y guardar tijeras de bordado u otros accesorios.Cada pieza es \u00fanica y est\u00e1 hecha a mano, ten en cuenta que, debido a las propiedades naturales de la madera, cada producto puede tener un patr\u00f3n de veta diferente o color al de la imagen mostrada.","og_url":"https:\/\/www.yumihoops.com\/en\/yumi-shop\/organizador-hilos-sobremesa\/","og_site_name":"Yumi Hoops","article_modified_time":"2026-02-11T06:02:28+00:00","og_image":[{"width":650,"height":433,"url":"https:\/\/www.yumihoops.com\/wp-content\/uploads\/2024\/09\/Bandeja-Organizadora-de-hilos-MINT-1-e1733435365828.jpg","type":"image\/jpeg"}],"twitter_card":"summary_large_image","twitter_title":"\u00a1Este Organizador de Hilos Sobremesa es la mejor manera de tener ordenados tus accesorios de bordado en cada proyecto!","twitter_description":"Este Organizador de Hilos Sobremesa es un soporte de madera y PLA para 9 carretes de hilo de bordar con needle minder para sujetar las agujas y guardar tijeras de bordado u otros accesorios.Cada pieza es \u00fanica y est\u00e1 hecha a mano, ten en cuenta que, debido a las propiedades naturales de la madera, cada producto puede tener un patr\u00f3n de veta diferente o color al de la imagen mostrada.","twitter_image":"https:\/\/www.yumihoops.com\/wp-content\/uploads\/2024\/09\/Bandeja-Organizadora-de-hilos-MINT-1-e1733435365828.jpg","twitter_misc":{"Estimated reading time":"1 minute"},"schema":{"@context":"https:\/\/schema.org","@graph":[{"@type":"WebPage","@id":"https:\/\/www.yumihoops.com\/yumi-shop\/organizador-hilos-sobremesa\/","url":"https:\/\/www.yumihoops.com\/yumi-shop\/organizador-hilos-sobremesa\/","name":"Organizador de Hilos Sobremesa - Yumi Hoops","isPartOf":{"@id":"https:\/\/www.yumihoops.com\/#website"},"primaryImageOfPage":{"@id":"https:\/\/www.yumihoops.com\/yumi-shop\/organizador-hilos-sobremesa\/#primaryimage"},"image":{"@id":"https:\/\/www.yumihoops.com\/yumi-shop\/organizador-hilos-sobremesa\/#primaryimage"},"thumbnailUrl":"https:\/\/www.yumihoops.com\/wp-content\/uploads\/2024\/09\/Bandeja-Organizadora-de-hilos-ROSA.jpg","datePublished":"2024-09-09T14:23:52+00:00","dateModified":"2026-02-11T06:02:28+00:00","description":"Este Organizador de Hilos Sobremesa es un soporte de madera y PLA para 9 carretes de hilo de bordar con needle minder para sujetar las aguja.","breadcrumb":{"@id":"https:\/\/www.yumihoops.com\/yumi-shop\/organizador-hilos-sobremesa\/#breadcrumb"},"inLanguage":"en-GB","potentialAction":[{"@type":"ReadAction","target":["https:\/\/www.yumihoops.com\/yumi-shop\/organizador-hilos-sobremesa\/"]}]},{"@type":"ImageObject","inLanguage":"en-GB","@id":"https:\/\/www.yumihoops.com\/yumi-shop\/organizador-hilos-sobremesa\/#primaryimage","url":"https:\/\/www.yumihoops.com\/wp-content\/uploads\/2024\/09\/Bandeja-Organizadora-de-hilos-ROSA.jpg","contentUrl":"https:\/\/www.yumihoops.com\/wp-content\/uploads\/2024\/09\/Bandeja-Organizadora-de-hilos-ROSA.jpg","width":600,"height":600},{"@type":"BreadcrumbList","@id":"https:\/\/www.yumihoops.com\/yumi-shop\/organizador-hilos-sobremesa\/#breadcrumb","itemListElement":[{"@type":"ListItem","position":1,"name":"Portada","item":"https:\/\/www.yumihoops.com\/"},{"@type":"ListItem","position":2,"name":"Productos","item":"https:\/\/www.yumihoops.com\/index.php\/shop\/"},{"@type":"ListItem","position":3,"name":"Organizador de Hilos Sobremesa"}]},{"@type":"WebSite","@id":"https:\/\/www.yumihoops.com\/#website","url":"https:\/\/www.yumihoops.com\/","name":"Yumi Hoops","description":"Bordados, libros, kits...","publisher":{"@id":"https:\/\/www.yumihoops.com\/#organization"},"potentialAction":[{"@type":"SearchAction","target":{"@type":"EntryPoint","urlTemplate":"https:\/\/www.yumihoops.com\/?s={search_term_string}"},"query-input":{"@type":"PropertyValueSpecification","valueRequired":true,"valueName":"search_term_string"}}],"inLanguage":"en-GB"},{"@type":"Organization","@id":"https:\/\/www.yumihoops.com\/#organization","name":"Yumi Hoops","url":"https:\/\/www.yumihoops.com\/","logo":{"@type":"ImageObject","inLanguage":"en-GB","@id":"https:\/\/www.yumihoops.com\/#\/schema\/logo\/image\/","url":"https:\/\/www.yumihoops.com\/wp-content\/uploads\/2024\/05\/Logo-Yumi-Hoops-Rosa-y-Lila-e1716821195280.png","contentUrl":"https:\/\/www.yumihoops.com\/wp-content\/uploads\/2024\/05\/Logo-Yumi-Hoops-Rosa-y-Lila-e1716821195280.png","width":600,"height":394,"caption":"Yumi Hoops"},"image":{"@id":"https:\/\/www.yumihoops.com\/#\/schema\/logo\/image\/"},"sameAs":["https:\/\/www.instagram.com\/yumi_hoops\/"]}]}},"_links":{"self":[{"href":"https:\/\/www.yumihoops.com\/en\/wp-json\/wp\/v2\/product\/2195","targetHints":{"allow":["GET"]}}],"collection":[{"href":"https:\/\/www.yumihoops.com\/en\/wp-json\/wp\/v2\/product"}],"about":[{"href":"https:\/\/www.yumihoops.com\/en\/wp-json\/wp\/v2\/types\/product"}],"wp:featuredmedia":[{"embeddable":true,"href":"https:\/\/www.yumihoops.com\/en\/wp-json\/wp\/v2\/media\/2196"}],"wp:attachment":[{"href":"https:\/\/www.yumihoops.com\/en\/wp-json\/wp\/v2\/media?parent=2195"}],"wp:term":[{"taxonomy":"product_brand","embeddable":true,"href":"https:\/\/www.yumihoops.com\/en\/wp-json\/wp\/v2\/product_brand?post=2195"},{"taxonomy":"product_cat","embeddable":true,"href":"https:\/\/www.yumihoops.com\/en\/wp-json\/wp\/v2\/product_cat?post=2195"},{"taxonomy":"product_tag","embeddable":true,"href":"https:\/\/www.yumihoops.com\/en\/wp-json\/wp\/v2\/product_tag?post=2195"}],"curies":[{"name":"wp","href":"https:\/\/api.w.org\/{rel}","templated":true}]}}