{"id":3,"date":"2023-11-24T16:05:40","date_gmt":"2023-11-24T16:05:40","guid":{"rendered":"http:\/\/yumihoops.com\/?page_id=3"},"modified":"2024-05-21T11:45:31","modified_gmt":"2024-05-21T11:45:31","slug":"politica-de-privacidad","status":"publish","type":"page","link":"https:\/\/www.yumihoops.com\/en\/politica-de-privacidad\/","title":{"rendered":"Pol\u00edtica de privacidad"},"content":{"rendered":"<div data-elementor-type=\"wp-page\" data-elementor-id=\"3\" class=\"elementor elementor-3\">\n\t\t\t\t\t\t<section class=\"elementor-section elementor-top-section elementor-element elementor-element-63fd7da elementor-section-boxed elementor-section-height-default elementor-section-height-default\" data-id=\"63fd7da\" data-element_type=\"section\" data-e-type=\"section\">\n\t\t\t\t\t\t<div class=\"elementor-container elementor-column-gap-default\">\n\t\t\t\t\t<div class=\"elementor-column elementor-col-100 elementor-top-column elementor-element elementor-element-7a05f11\" data-id=\"7a05f11\" data-element_type=\"column\" data-e-type=\"column\">\n\t\t\t<div class=\"elementor-widget-wrap elementor-element-populated\">\n\t\t\t\t\t\t<div class=\"elementor-element elementor-element-71ff824 elementor-widget elementor-widget-heading\" data-id=\"71ff824\" data-element_type=\"widget\" data-e-type=\"widget\" data-widget_type=\"heading.default\">\n\t\t\t\t\t<h2 class=\"elementor-heading-title elementor-size-default\">PRIVACY POLICY<\/h2>\t\t\t\t<\/div>\n\t\t\t\t<div class=\"elementor-element elementor-element-3db0e53 elementor-widget elementor-widget-text-editor\" data-id=\"3db0e53\" data-element_type=\"widget\" data-e-type=\"widget\" data-widget_type=\"text-editor.default\">\n\t\t\t\t\t\t\t\t\t<p class=\"privacy-policy-h1\">\u00daltima actualizaci\u00f3n el 21 de mayo de 2024<br \/>Fecha de vigencia 21 de mayo de 2024<\/p>\n<p class=\"privacy-policy-p\">Esta Pol\u00edtica de Privacidad describe las pol\u00edticas de Patricia Hermos\u00edn, Carrer Montagut 22, Urb. Mas d&#8217;en Serra, Barcelona 08812, Espa\u00f1a, correo electr\u00f3nico: yumihoops@gmail.com, tel\u00e9fono: 666 99 69 17 sobre la recopilaci\u00f3n, uso y divulgaci\u00f3n de la informaci\u00f3n que recopilamos cuando utiliza nuestro sitio web (https:\/\/www. yumihoops.com). (el servicio\u00bb). Al acceder o utilizar el Servicio, usted acepta la recopilaci\u00f3n, el uso y la divulgaci\u00f3n de su informaci\u00f3n de acuerdo con esta Pol\u00edtica de Privacidad. Si no acepta lo mismo, no acceda ni utilice el Servicio.<\/p>\n<p class=\"privacy-policy-p\">Podemos modificar esta Pol\u00edtica de Privacidad en cualquier momento sin previo aviso y publicaremos la Pol\u00edtica de Privacidad revisada en el Servicio. La Pol\u00edtica revisada entrar\u00e1 en vigencia 180 d\u00edas a partir de la fecha en que se publique en el Servicio y su acceso o uso continuo del Servicio despu\u00e9s de ese tiempo constituir\u00e1 su aceptaci\u00f3n de la Pol\u00edtica de privacidad revisada. Por ello le recomendamos que revise peri\u00f3dicamente esta p\u00e1gina.<\/p>\n<ol class=\"privacy-policy-ol\">\n<li>\n<p class=\"privacy-policy-h2\">INFORMACI\u00d3N QUE RECOPILAMOS:<\/p>\n<p>Recopilaremos y procesaremos la siguiente informaci\u00f3n personal sobre usted:<\/p>\n<p>Nombre<br \/>Correo electr\u00f3nico<br \/>M\u00f3vil<br \/>DIRECCI\u00d3N<\/p>\n<\/li>\n<li>\n<p class=\"privacy-policy-h2\">C\u00d3MO RECOPILAMOS SU INFORMACI\u00d3N:<\/p>\n<p>Recopilamos\/recibimos informaci\u00f3n sobre usted de la siguiente manera:<\/p>\n<p>Cuando un usuario completa el formulario de registro o env\u00eda informaci\u00f3n personal de otro modo<br \/>Interact\u00faa con el sitio web.<br \/>De fuentes p\u00fablicas<\/p>\n<\/li>\n<li>\n<p class=\"privacy-policy-h2\">C\u00d3MO UTILIZAMOS SU INFORMACI\u00d3N:<\/p>\n<p>Utilizaremos la informaci\u00f3n que recopilamos sobre usted para los siguientes fines:<\/p>\n<p>Marketing\/Promoci\u00f3n<br \/>Creando cuenta de usuario<br \/>Recopilaci\u00f3n de comentarios de clientes<br \/>Apoyo<br \/>informaci\u00f3n de administraci\u00f3n<br \/>Gestionar el pedido del cliente<br \/>Protecci\u00f3n del sitio<br \/>Resoluci\u00f3n de conflictos<br \/>Administrar cuenta de usuario<\/p>\n<p>Si queremos utilizar su informaci\u00f3n para cualquier otro prop\u00f3sito, le pediremos su consentimiento y usaremos su informaci\u00f3n solo al recibir su consentimiento y luego, solo para los fines para los cuales otorgamos el consentimiento, a menos que estemos obligados a hacer lo contrario por ley.<\/p>\n<\/li>\n<li>\n<p class=\"privacy-policy-h2\">C\u00d3MO COMPARTIMOS SU INFORMACI\u00d3N:<\/p>\n<p class=\"privacy-policy-p\">No transferiremos su informaci\u00f3n personal a ning\u00fan tercero sin solicitar su consentimiento, excepto en circunstancias limitadas como se describe a continuaci\u00f3n:<\/p>\n<p>Anal\u00edtica<\/p>\n<p>Exigimos a dichos terceros que utilicen la informaci\u00f3n personal que les transferimos solo para el prop\u00f3sito para el cual fue transferida y que no la conserven por m\u00e1s tiempo del necesario para cumplir dicho prop\u00f3sito.<\/p>\n<p>Tambi\u00e9n podemos divulgar su informaci\u00f3n personal para lo siguiente: (1) para cumplir con la ley, regulaci\u00f3n, orden judicial u otro proceso legal aplicable; (2) para hacer cumplir sus acuerdos con nosotros, incluida esta Pol\u00edtica de Privacidad; o (3) para responder a reclamos de que su uso del Servicio viola los derechos de terceros. Si el Servicio o nuestra empresa se fusiona o adquiere con otra empresa, su informaci\u00f3n ser\u00e1 uno de los activos que se transfiera al nuevo propietario.<\/p>\n<\/li>\n<li>\n<p class=\"privacy-policy-h2\">CONSERVACI\u00d3N DE SU INFORMACI\u00d3N:<\/p>\n<p class=\"privacy-policy-p\">Conservaremos su informaci\u00f3n personal con nosotros durante 90 d\u00edas a 2 a\u00f1os despu\u00e9s de que los usuarios cancelen sus cuentas o durante el tiempo que la necesitemos para cumplir con los prop\u00f3sitos para los cuales fue recopilada, como se detalla en esta Pol\u00edtica de Privacidad. Es posible que necesitemos conservar cierta informaci\u00f3n durante per\u00edodos m\u00e1s largos, como mantenimiento de registros\/informes de acuerdo con la ley aplicable o por otras razones leg\u00edtimas como el cumplimiento de derechos legales, prevenci\u00f3n de fraude, etc. Informaci\u00f3n an\u00f3nima residual e informaci\u00f3n agregada, ninguna de las cuales lo identifica. (directa o indirectamente), pueden almacenarse indefinidamente.<\/p>\n<\/li>\n<li>\n<p class=\"privacy-policy-h2\">TUS DERECHOS:<\/p>\n<p>Dependiendo de la ley que se aplique, puede tener derecho a acceder y rectificar o borrar sus datos personales o recibir una copia de sus datos personales, restringir u oponerse al procesamiento activo de sus datos, solicitarnos que compartamos (portemos) sus datos personales. informaci\u00f3n a otra entidad, retirar cualquier consentimiento que nos haya brindado para procesar sus datos, el derecho a presentar una queja ante una autoridad legal y otros derechos que puedan ser relevantes seg\u00fan las leyes aplicables. Para ejercer estos derechos, puede escribirnos a yumihoops@gmail.com. Responderemos a su solicitud de acuerdo con la ley aplicable.<\/p>\n<p>Tenga en cuenta que si no nos permite recopilar o procesar la informaci\u00f3n personal requerida o retirar el consentimiento para procesarla para los fines requeridos, es posible que no pueda acceder ni utilizar los servicios para los cuales se busc\u00f3 su informaci\u00f3n.<\/p>\n<\/li>\n<li>\n<p class=\"privacy-policy-h2\">GALLETAS ETC.<\/p>\n<p>Para obtener m\u00e1s informaci\u00f3n sobre c\u00f3mo las utilizamos y sus opciones en relaci\u00f3n con estas tecnolog\u00edas de seguimiento, consulte nuestra Pol\u00edtica de cookies.<\/p>\n<\/li>\n<li>\n<p class=\"privacy-policy-h2\">SEGURIDAD:<\/p>\n<p class=\"privacy-policy-p\">La seguridad de su informaci\u00f3n es importante para nosotros y utilizaremos medidas de seguridad razonables para evitar la p\u00e9rdida, el uso indebido o la alteraci\u00f3n no autorizada de su informaci\u00f3n bajo nuestro control. Sin embargo, dados los riesgos inherentes, no podemos garantizar una seguridad absoluta y, en consecuencia, no podemos asegurar ni garantizar la seguridad de la informaci\u00f3n que usted nos transmite y lo hace bajo su propio riesgo.<\/p>\n<\/li>\n<li>\n<p class=\"privacy-policy-h2\">OFICIAL DE QUEJAS\/PROTECCI\u00d3N DE DATOS:<\/p>\n<p class=\"privacy-policy-p\">Si tiene alguna consulta o inquietud sobre el procesamiento de su informaci\u00f3n que est\u00e1 disponible con nosotros, puede enviar un correo electr\u00f3nico a nuestro Oficial de Quejas a Patricia Hermos\u00edn, Carrer Montagut 22, Urb. Mas d&#8217;en Serra. 08812 &#8211; Les roquetes, Sant pere de ribes (Barcelona) Espa\u00f1a, correo electr\u00f3nico: yumihoops@gmail.com. Atenderemos sus inquietudes de acuerdo con la ley aplicable.<\/p>\n<\/li>\n<\/ol>\t\t\t\t\t\t\t\t<\/div>\n\t\t\t\t\t<\/div>\n\t\t<\/div>\n\t\t\t\t\t<\/div>\n\t\t<\/section>\n\t\t\t\t<\/div>","protected":false},"excerpt":{"rendered":"<p>POL\u00cdTICA DE PRIVACIDAD \u00daltima actualizaci\u00f3n el 21 de mayo de 2024Fecha de vigencia 21 de mayo de 2024 Esta Pol\u00edtica de Privacidad describe las pol\u00edticas de Patricia Hermos\u00edn, Carrer Montagut 22, Urb. Mas d&#8217;en Serra, Barcelona 08812, Espa\u00f1a, correo electr\u00f3nico: yumihoops@gmail.com, tel\u00e9fono: 666 99 69 17 sobre la recopilaci\u00f3n, uso y divulgaci\u00f3n de la informaci\u00f3n [&hellip;]<\/p>\n","protected":false},"author":1,"featured_media":0,"parent":0,"menu_order":0,"comment_status":"closed","ping_status":"open","template":"","meta":{"_monsterinsights_skip_tracking":false,"_monsterinsights_sitenote_active":false,"_monsterinsights_sitenote_note":"","_monsterinsights_sitenote_category":0,"site-sidebar-layout":"default","site-content-layout":"","ast-site-content-layout":"default","site-content-style":"default","site-sidebar-style":"default","ast-global-header-display":"","ast-banner-title-visibility":"","ast-main-header-display":"","ast-hfb-above-header-display":"","ast-hfb-below-header-display":"","ast-hfb-mobile-header-display":"","site-post-title":"","ast-breadcrumbs-content":"","ast-featured-img":"","footer-sml-layout":"","ast-disable-related-posts":"","theme-transparent-header-meta":"","adv-header-id-meta":"","stick-header-meta":"","header-above-stick-meta":"","header-main-stick-meta":"","header-below-stick-meta":"","astra-migrate-meta-layouts":"default","ast-page-background-enabled":"default","ast-page-background-meta":{"desktop":{"background-color":"var(--ast-global-color-4)","background-image":"","background-repeat":"repeat","background-position":"center center","background-size":"auto","background-attachment":"scroll","background-type":"","background-media":"","overlay-type":"","overlay-color":"","overlay-opacity":"","overlay-gradient":""},"tablet":{"background-color":"","background-image":"","background-repeat":"repeat","background-position":"center center","background-size":"auto","background-attachment":"scroll","background-type":"","background-media":"","overlay-type":"","overlay-color":"","overlay-opacity":"","overlay-gradient":""},"mobile":{"background-color":"","background-image":"","background-repeat":"repeat","background-position":"center center","background-size":"auto","background-attachment":"scroll","background-type":"","background-media":"","overlay-type":"","overlay-color":"","overlay-opacity":"","overlay-gradient":""}},"ast-content-background-meta":{"desktop":{"background-color":"var(--ast-global-color-5)","background-image":"","background-repeat":"repeat","background-position":"center center","background-size":"auto","background-attachment":"scroll","background-type":"","background-media":"","overlay-type":"","overlay-color":"","overlay-opacity":"","overlay-gradient":""},"tablet":{"background-color":"var(--ast-global-color-5)","background-image":"","background-repeat":"repeat","background-position":"center center","background-size":"auto","background-attachment":"scroll","background-type":"","background-media":"","overlay-type":"","overlay-color":"","overlay-opacity":"","overlay-gradient":""},"mobile":{"background-color":"var(--ast-global-color-5)","background-image":"","background-repeat":"repeat","background-position":"center center","background-size":"auto","background-attachment":"scroll","background-type":"","background-media":"","overlay-type":"","overlay-color":"","overlay-opacity":"","overlay-gradient":""}},"footnotes":""},"class_list":["post-3","page","type-page","status-publish","hentry"],"yoast_head":"<!-- This site is optimized with the Yoast SEO plugin v27.3 - https:\/\/yoast.com\/product\/yoast-seo-wordpress\/ -->\n<title>Pol\u00edtica de privacidad - Yumi Hoops<\/title>\n<meta name=\"robots\" content=\"index, follow, max-snippet:-1, max-image-preview:large, max-video-preview:-1\" \/>\n<link rel=\"canonical\" href=\"https:\/\/www.yumihoops.com\/en\/politica-de-privacidad\/\" \/>\n<meta property=\"og:locale\" content=\"en_GB\" \/>\n<meta property=\"og:type\" content=\"article\" \/>\n<meta property=\"og:title\" content=\"Pol\u00edtica de privacidad - Yumi Hoops\" \/>\n<meta property=\"og:description\" content=\"POL\u00cdTICA DE PRIVACIDAD \u00daltima actualizaci\u00f3n el 21 de mayo de 2024Fecha de vigencia 21 de mayo de 2024 Esta Pol\u00edtica de Privacidad describe las pol\u00edticas de Patricia Hermos\u00edn, Carrer Montagut 22, Urb. Mas d&#8217;en Serra, Barcelona 08812, Espa\u00f1a, correo electr\u00f3nico: yumihoops@gmail.com, tel\u00e9fono: 666 99 69 17 sobre la recopilaci\u00f3n, uso y divulgaci\u00f3n de la informaci\u00f3n [&hellip;]\" \/>\n<meta property=\"og:url\" content=\"https:\/\/www.yumihoops.com\/en\/politica-de-privacidad\/\" \/>\n<meta property=\"og:site_name\" content=\"Yumi Hoops\" \/>\n<meta property=\"article:modified_time\" content=\"2024-05-21T11:45:31+00:00\" \/>\n<meta name=\"twitter:card\" content=\"summary_large_image\" \/>\n<meta name=\"twitter:label1\" content=\"Estimated reading time\" \/>\n\t<meta name=\"twitter:data1\" content=\"4 minutes\" \/>\n<script type=\"application\/ld+json\" class=\"yoast-schema-graph\">{\"@context\":\"https:\\\/\\\/schema.org\",\"@graph\":[{\"@type\":\"WebPage\",\"@id\":\"https:\\\/\\\/www.yumihoops.com\\\/politica-de-privacidad\\\/\",\"url\":\"https:\\\/\\\/www.yumihoops.com\\\/politica-de-privacidad\\\/\",\"name\":\"Pol\u00edtica de privacidad - Yumi Hoops\",\"isPartOf\":{\"@id\":\"https:\\\/\\\/www.yumihoops.com\\\/#website\"},\"datePublished\":\"2023-11-24T16:05:40+00:00\",\"dateModified\":\"2024-05-21T11:45:31+00:00\",\"breadcrumb\":{\"@id\":\"https:\\\/\\\/www.yumihoops.com\\\/politica-de-privacidad\\\/#breadcrumb\"},\"inLanguage\":\"en-GB\",\"potentialAction\":[{\"@type\":\"ReadAction\",\"target\":[\"https:\\\/\\\/www.yumihoops.com\\\/politica-de-privacidad\\\/\"]}]},{\"@type\":\"BreadcrumbList\",\"@id\":\"https:\\\/\\\/www.yumihoops.com\\\/politica-de-privacidad\\\/#breadcrumb\",\"itemListElement\":[{\"@type\":\"ListItem\",\"position\":1,\"name\":\"Portada\",\"item\":\"https:\\\/\\\/www.yumihoops.com\\\/\"},{\"@type\":\"ListItem\",\"position\":2,\"name\":\"Pol\u00edtica de privacidad\"}]},{\"@type\":\"WebSite\",\"@id\":\"https:\\\/\\\/www.yumihoops.com\\\/#website\",\"url\":\"https:\\\/\\\/www.yumihoops.com\\\/\",\"name\":\"Yumi Hoops\",\"description\":\"Bordados, libros, kits...\",\"publisher\":{\"@id\":\"https:\\\/\\\/www.yumihoops.com\\\/#organization\"},\"potentialAction\":[{\"@type\":\"SearchAction\",\"target\":{\"@type\":\"EntryPoint\",\"urlTemplate\":\"https:\\\/\\\/www.yumihoops.com\\\/?s={search_term_string}\"},\"query-input\":{\"@type\":\"PropertyValueSpecification\",\"valueRequired\":true,\"valueName\":\"search_term_string\"}}],\"inLanguage\":\"en-GB\"},{\"@type\":\"Organization\",\"@id\":\"https:\\\/\\\/www.yumihoops.com\\\/#organization\",\"name\":\"Yumi Hoops\",\"url\":\"https:\\\/\\\/www.yumihoops.com\\\/\",\"logo\":{\"@type\":\"ImageObject\",\"inLanguage\":\"en-GB\",\"@id\":\"https:\\\/\\\/www.yumihoops.com\\\/#\\\/schema\\\/logo\\\/image\\\/\",\"url\":\"https:\\\/\\\/www.yumihoops.com\\\/wp-content\\\/uploads\\\/2024\\\/05\\\/Logo-Yumi-Hoops-Rosa-y-Lila-e1716821195280.png\",\"contentUrl\":\"https:\\\/\\\/www.yumihoops.com\\\/wp-content\\\/uploads\\\/2024\\\/05\\\/Logo-Yumi-Hoops-Rosa-y-Lila-e1716821195280.png\",\"width\":600,\"height\":394,\"caption\":\"Yumi Hoops\"},\"image\":{\"@id\":\"https:\\\/\\\/www.yumihoops.com\\\/#\\\/schema\\\/logo\\\/image\\\/\"},\"sameAs\":[\"https:\\\/\\\/www.instagram.com\\\/yumi_hoops\\\/\"]}]}<\/script>\n<!-- \/ Yoast SEO plugin. -->","yoast_head_json":{"title":"Pol\u00edtica de privacidad - Yumi Hoops","robots":{"index":"index","follow":"follow","max-snippet":"max-snippet:-1","max-image-preview":"max-image-preview:large","max-video-preview":"max-video-preview:-1"},"canonical":"https:\/\/www.yumihoops.com\/en\/politica-de-privacidad\/","og_locale":"en_GB","og_type":"article","og_title":"Pol\u00edtica de privacidad - Yumi Hoops","og_description":"POL\u00cdTICA DE PRIVACIDAD \u00daltima actualizaci\u00f3n el 21 de mayo de 2024Fecha de vigencia 21 de mayo de 2024 Esta Pol\u00edtica de Privacidad describe las pol\u00edticas de Patricia Hermos\u00edn, Carrer Montagut 22, Urb. Mas d&#8217;en Serra, Barcelona 08812, Espa\u00f1a, correo electr\u00f3nico: yumihoops@gmail.com, tel\u00e9fono: 666 99 69 17 sobre la recopilaci\u00f3n, uso y divulgaci\u00f3n de la informaci\u00f3n [&hellip;]","og_url":"https:\/\/www.yumihoops.com\/en\/politica-de-privacidad\/","og_site_name":"Yumi Hoops","article_modified_time":"2024-05-21T11:45:31+00:00","twitter_card":"summary_large_image","twitter_misc":{"Estimated reading time":"4 minutes"},"schema":{"@context":"https:\/\/schema.org","@graph":[{"@type":"WebPage","@id":"https:\/\/www.yumihoops.com\/politica-de-privacidad\/","url":"https:\/\/www.yumihoops.com\/politica-de-privacidad\/","name":"Pol\u00edtica de privacidad - Yumi Hoops","isPartOf":{"@id":"https:\/\/www.yumihoops.com\/#website"},"datePublished":"2023-11-24T16:05:40+00:00","dateModified":"2024-05-21T11:45:31+00:00","breadcrumb":{"@id":"https:\/\/www.yumihoops.com\/politica-de-privacidad\/#breadcrumb"},"inLanguage":"en-GB","potentialAction":[{"@type":"ReadAction","target":["https:\/\/www.yumihoops.com\/politica-de-privacidad\/"]}]},{"@type":"BreadcrumbList","@id":"https:\/\/www.yumihoops.com\/politica-de-privacidad\/#breadcrumb","itemListElement":[{"@type":"ListItem","position":1,"name":"Portada","item":"https:\/\/www.yumihoops.com\/"},{"@type":"ListItem","position":2,"name":"Pol\u00edtica de privacidad"}]},{"@type":"WebSite","@id":"https:\/\/www.yumihoops.com\/#website","url":"https:\/\/www.yumihoops.com\/","name":"Yumi Hoops","description":"Bordados, libros, kits...","publisher":{"@id":"https:\/\/www.yumihoops.com\/#organization"},"potentialAction":[{"@type":"SearchAction","target":{"@type":"EntryPoint","urlTemplate":"https:\/\/www.yumihoops.com\/?s={search_term_string}"},"query-input":{"@type":"PropertyValueSpecification","valueRequired":true,"valueName":"search_term_string"}}],"inLanguage":"en-GB"},{"@type":"Organization","@id":"https:\/\/www.yumihoops.com\/#organization","name":"Yumi Hoops","url":"https:\/\/www.yumihoops.com\/","logo":{"@type":"ImageObject","inLanguage":"en-GB","@id":"https:\/\/www.yumihoops.com\/#\/schema\/logo\/image\/","url":"https:\/\/www.yumihoops.com\/wp-content\/uploads\/2024\/05\/Logo-Yumi-Hoops-Rosa-y-Lila-e1716821195280.png","contentUrl":"https:\/\/www.yumihoops.com\/wp-content\/uploads\/2024\/05\/Logo-Yumi-Hoops-Rosa-y-Lila-e1716821195280.png","width":600,"height":394,"caption":"Yumi Hoops"},"image":{"@id":"https:\/\/www.yumihoops.com\/#\/schema\/logo\/image\/"},"sameAs":["https:\/\/www.instagram.com\/yumi_hoops\/"]}]}},"_links":{"self":[{"href":"https:\/\/www.yumihoops.com\/en\/wp-json\/wp\/v2\/pages\/3","targetHints":{"allow":["GET"]}}],"collection":[{"href":"https:\/\/www.yumihoops.com\/en\/wp-json\/wp\/v2\/pages"}],"about":[{"href":"https:\/\/www.yumihoops.com\/en\/wp-json\/wp\/v2\/types\/page"}],"author":[{"embeddable":true,"href":"https:\/\/www.yumihoops.com\/en\/wp-json\/wp\/v2\/users\/1"}],"replies":[{"embeddable":true,"href":"https:\/\/www.yumihoops.com\/en\/wp-json\/wp\/v2\/comments?post=3"}],"version-history":[{"count":0,"href":"https:\/\/www.yumihoops.com\/en\/wp-json\/wp\/v2\/pages\/3\/revisions"}],"wp:attachment":[{"href":"https:\/\/www.yumihoops.com\/en\/wp-json\/wp\/v2\/media?parent=3"}],"curies":[{"name":"wp","href":"https:\/\/api.w.org\/{rel}","templated":true}]}}